{"id":3549,"date":"2024-10-23T08:28:33","date_gmt":"2024-10-23T08:28:33","guid":{"rendered":"https:\/\/elitklinik.com.tr\/information-request-form\/"},"modified":"2025-01-27T07:38:08","modified_gmt":"2025-01-27T07:38:08","slug":"information-request-form","status":"publish","type":"page","link":"https:\/\/elitklinik.com.tr\/en\/information-request-form\/","title":{"rendered":"Information Request Form"},"content":{"rendered":"      \n      <div class=\"section is-content1\" >\n        <div class=\"container_primary\">\n          <div class=\"wrapper_section-content-new\">\n            <h1 class=\"h1_content\">Information Request Form<\/h1>\n                        <div class=\"item_content\">\n                            <h2 class=\"heading_content\">INFORMATION REQUEST FORM PURSUANT TO THE LAW NO. 6698 ON THE PROTECTION OF PERSONAL DATA 1.GENERAL DESCRIPTION<\/h2>\n                            \n              <p class=\"paragraph_primary\">No. 6698 You can submit your requests regarding your rights arising from Article 11 of the Personal Data Protection Law No. 11 to ESTEL\u0130T SA\u011eLIK H\u0130ZMETLER\u0130 A.\u015e. (&#8220;EL\u0130T CLINIC&#8221;) through this form. Your requests in question will be answered as soon as possible and within thirty days at the latest from the date of receipt by EL\u0130T CLINIC. The answer to your information request will be sent to you in writing or electronically using the communication channels you have selected below.<br \/>Information must be filled in completely during the application. Otherwise, your information requests will not be met by ELIT CLINIC. In case the information is incorrect or incomplete, ELIT CLINIC does not accept any responsibility for not responding to the request.<br \/>Data Controller: ESTELIT SA\u011eLIK H\u0130ZMETLER\u0130 A.\u015e.<br \/>Address: Hamidiye, Cendere Cad. No: 103 &#8211; 1 T4 Blok, 34396 Ka\u011f\u0131thane\/\u0130stanbul<br \/>Tel: +90 444 0 207<br \/>E-mail: info@elitklinik.com   <\/p>\n            <\/div>\n                        <div class=\"item_content\">\n                            <h2 class=\"heading_content\">2. INFORMATION ON THE RELEVANT PERSON REQUESTING INFORMATION<\/h2>\n                            \n              <p class=\"paragraph_primary\">Name: Surname: Turkish ID number \/ Nationality and passport number: Telephone and Fax number: E-mail: Residence or Workplace Address: Your relationship with our company: Patient-Consultant \u25a1 \/ Business Partner \u25a1 \/ Visitor \u25a1 \/ Other \u25a1<\/p>\n            <\/div>\n                        <div class=\"item_content\">\n                            <h2 class=\"heading_content\">3.SUBJECT OF REQUEST <span class=\"font_weight-normal\">(If any, we kindly request that information and documents related to the subject be attached)<\/span><\/h2>\n                            \n              <p class=\"paragraph_primary\">\u2026\u2026\u2026\u2026\u2026\u2026\u2026\u2026\u2026\u2026\u2026\u2026\u2026\u2026\u2026\u2026\u2026\u2026\u2026\u2026\u2026\u2026\u2026\u2026\u2026\u2026\u2026\u2026\u2026\u2026\u2026\u2026\u2026\u2026\u2026\u2026\u2026 \u2026\u2026\u2026\u2026\u2026\u2026\u2026\u2026\u2026\u2026\u2026\u2026\u2026\u2026\u2026\u2026\u2026\u2026\u2026\u2026\u2026\u2026\u2026\u2026\u2026\u2026\u2026\u2026\u2026\u2026\u2026\u2026\u2026\u2026\u2026\u2026\u2026 \u2026\u2026\u2026\u2026\u2026\u2026\u2026\u2026\u2026\u2026\u2026\u2026\u2026\u2026\u2026\u2026\u2026\u2026\u2026\u2026\u2026\u2026\u2026\u2026\u2026\u2026\u2026\u2026\u2026\u2026\u2026\u2026\u2026\u2026\u2026\u2026\u2026<\/p>\n            <\/div>\n                        <div class=\"item_content\">\n                            <h2 class=\"heading_content\">4. DECLARATION OF THE PERSON CONCERNED<\/h2>\n                            \n              <p class=\"paragraph_primary\">I request that my application be evaluated and responded to me in line with my requests as explained above. I accept, declare and undertake that the information I have provided during my application is real and up-to-date and belongs to me. I allow my personal data and \/ or sensitive personal data that I have shared for the information I have requested to be processed by ESTEL\u0130T SA\u011eLIK H\u0130ZMETLER\u0130 A.\u015e. in connection with its purpose.<br \/>\n\u2610 I would like to receive the answer to my application in person. (Information about the application is not shared with anyone other than the relevant person who made the application.)<br \/>\n\u2610 I want the answer to my application to be sent to my e-mail address specified in the Application Form.<br \/>\n\u2610 I want the answer to my application to be sent to my address specified in the Application Form. (Please mark the option of your choice.)<br \/>\nName and Surname of the Relevant Person Making the Application:<br \/>\nApplication Date:<br \/>\nSignature:<\/p>\n            <\/div>\n                      \n          <\/div>\n        <\/div>\n      <\/div>","protected":false},"excerpt":{"rendered":"","protected":false},"author":1,"featured_media":0,"parent":0,"menu_order":0,"comment_status":"closed","ping_status":"closed","template":"","meta":{"_acf_changed":false,"inline_featured_image":false,"footnotes":""},"class_list":["post-3549","page","type-page","status-publish","hentry"],"acf":[],"_links":{"self":[{"href":"https:\/\/elitklinik.com.tr\/en\/wp-json\/wp\/v2\/pages\/3549","targetHints":{"allow":["GET"]}}],"collection":[{"href":"https:\/\/elitklinik.com.tr\/en\/wp-json\/wp\/v2\/pages"}],"about":[{"href":"https:\/\/elitklinik.com.tr\/en\/wp-json\/wp\/v2\/types\/page"}],"author":[{"embeddable":true,"href":"https:\/\/elitklinik.com.tr\/en\/wp-json\/wp\/v2\/users\/1"}],"replies":[{"embeddable":true,"href":"https:\/\/elitklinik.com.tr\/en\/wp-json\/wp\/v2\/comments?post=3549"}],"version-history":[{"count":3,"href":"https:\/\/elitklinik.com.tr\/en\/wp-json\/wp\/v2\/pages\/3549\/revisions"}],"predecessor-version":[{"id":6366,"href":"https:\/\/elitklinik.com.tr\/en\/wp-json\/wp\/v2\/pages\/3549\/revisions\/6366"}],"wp:attachment":[{"href":"https:\/\/elitklinik.com.tr\/en\/wp-json\/wp\/v2\/media?parent=3549"}],"curies":[{"name":"wp","href":"https:\/\/api.w.org\/{rel}","templated":true}]}}