{"id":3544,"date":"2024-10-23T07:23:31","date_gmt":"2024-10-23T04:23:31","guid":{"rendered":"https:\/\/elitklinik.com.tr\/about-us\/"},"modified":"2025-01-03T08:26:00","modified_gmt":"2025-01-03T08:26:00","slug":"about-us","status":"publish","type":"page","link":"https:\/\/elitklinik.com.tr\/en\/about-us\/","title":{"rendered":"About Us"},"content":{"rendered":"      <div class=\"subpage_hero-section\" >\n                <img decoding=\"async\" sizes=\"100vw\" srcset=\"https:\/\/elitklinik.com.tr\/wp-content\/uploads\/2024\/10\/about-us-banner-p-500.webp 500w, https:\/\/elitklinik.com.tr\/wp-content\/uploads\/2024\/10\/about-us-banner-p-800.webp 800w, https:\/\/elitklinik.com.tr\/wp-content\/uploads\/2024\/10\/about-us-banner-p-1080.webp 1080w, https:\/\/elitklinik.com.tr\/wp-content\/uploads\/2024\/10\/about-us-banner-p-1600.webp 1600w, https:\/\/elitklinik.com.tr\/wp-content\/uploads\/2024\/10\/about-us-banner.webp 1920w\" alt=\"Elit Klinik Hakk\u0131m\u0131zda\" src=\"https:\/\/elitklinik.com.tr\/wp-content\/uploads\/2024\/10\/about-us-banner.webp\" loading=\"lazy\" class=\"subpage_hero-bg\">\n                <img decoding=\"async\" loading=\"lazy\" src=\"https:\/\/elitklinik.com.tr\/wp-content\/uploads\/2024\/10\/hakkimizda-mobil-banner-1.webp\" alt=\"Elit Klinik Hakk\u0131m\u0131zda\" class=\"about_us-mobil-banner\">\n        <div class=\"container_primary new-width\">\n          <div class=\"hero_content\">\n            <h2 class=\"content_title about_us-h2\">About Us<\/h2>\n                        <p class=\"content_paragraph sort about_sort\">\n              \n                                Since 2001, Elit Klinik, which has been serving with the vision of &#8220;Health in Aesthetics, Aesthetics in Health&#8221;, is a health institution that has reached a leading position in the field of international health tourism and offers health and aesthetic services at the highest standards in its 18,000 m\u00b2 modern facility located in Istanbul Valley, the prestigious district of Istanbul. The clinic, which serves in parallel with global health standards with its International Health Tourism Authorization Certificate, keeps patient satisfaction at the highest level by combining health and aesthetic services in the same complex.              \n            <\/p>\n                        <div class=\"mobile_flex-center mobile_centered\">\n              <div class=\"section-strikethrough subpage\"><\/div>\n            <\/div>\n                                                <p class=\"content_paragraph medium\">\n                                The clinic, which offers a comprehensive health and aesthetic experience with its expert physicians and experienced medical staff, advanced technology device integration of modern medicine, is equipped with advanced imaging systems and a medical analysis unit located within the clinic. At Elit Klinik, personalized treatment plans prepared specifically for each individual meet their health and aesthetic needs in accordance with advanced medical standards.                <\/p>\n                                    <div class=\"mobile_flex-center mobile_centered\">\n              <div class=\"section-strikethrough subpage\"><\/div>\n            <\/div>\n                                                <p class=\"content_paragraph full\">Thanks to its patient health-oriented approach, its commitment to ethical values and its structure open to continuous improvement, Elit Klinik is a pioneer in the field of health tourism and has become a reference point in Turkey and around the world. Aiming to keep patient satisfaction at the highest level, Elit Klinik ensures that patients feel comfortable and safe throughout their treatment process with its consultancy, transportation, accommodation and post-procedure care services.<\/p>\n                      <\/div>\n\t\t\t        <\/div>\n      <\/div>\n\n      <div class=\"section-2 home_7\" >\n        <div class=\"container_primary new-width\">\n          <div class=\"section_title-area\">\n            <div class=\"mobile_flex-center mobile_centered\">\n              <div class=\"section-strikethrough subpage\"><\/div>\n            <\/div>\n            <h2 class=\"home_section-title\">Contact Us<\/h2>\n            <p class=\"section_sub-text\"><p>Fill out the form in seconds. We will help you. <\/p>\n<\/p>\n          <\/div>\n          <div class=\"wrapper_section-content-new-2\">\n            <div class=\"form_flex-row\">\n              <div class=\"form_map-div\">\n                <div class=\"code-embed w-embed w-iframe\">\n                  <iframe class=\"contact-form-map\" style=\"border: 0; width: 100%; height: 100%;\" src=\"https:\/\/www.google.com\/maps\/embed?pb=!1m18!1m12!1m3!1d3006.454273718582!2d28.9829351!3d41.1027689!2m3!1f0!2f0!3f0!3m2!1i1024!2i768!4f13.1!3m3!1m2!1s0x14cab72d81823c19%3A0x1f48730c108f0e82!2sElit%20Klinik!5e0!3m2!1str!2str!4v1721812826667!5m2!1str!2str\" allowfullscreen=\"allowfullscreen\"><\/iframe><\/div>\n              <\/div>\n              <div class=\"form_map-div input-divs\">\n                <div class=\"form_content-yeni yeni-form w-form\">\n                  <form id=\"email-form\" name=\"email-form\"  method=\"post\" class=\"form form-button-new\">\n                    <div class=\"header_form-primary-2\">\n                      <img decoding=\"async\" src=\"https:\/\/elitklinik.com.tr\/wp-content\/themes\/elitklinik\/assets\/images\/calender-clock.svg\" loading=\"lazy\" class=\"icon_schedule-2\">\n                      <div class=\"text-block-2\">Fast Appointment<\/div>\n                    <\/div>\n                    <div class=\"title_form-primary-2 sm_form-font\">\n                      Make an Appointment and We&#8217;ll Reach You As Soon As Possible                    <\/div>\n                    <input class=\"field_primary-2 form_input-new w-input\" maxlength=\"256\" name=\"Full-Name-2\" data-name=\"Full Name 2\" placeholder=\"Name\" type=\"text\" id=\"Full-Name-2\" required=\"\">\n                    <input class=\"field_primary-2 form_input-new w-input\" maxlength=\"256\" name=\"e-mail-2\" data-name=\"E Mail 2\" placeholder=\"E-Mail\" type=\"email\" id=\"e-mail-2\" required=\"\">\n                    <input class=\"field_primary-2 form_input-new w-input\" maxlength=\"256\" name=\"Phone-2\" data-name=\"Phone 2\" placeholder=\"Telephone\" type=\"tel\" id=\"Phone-2\" required=\"\">\n                    <div class=\"select_fields\">\n                      <select class=\"select-field parent\">\n                        <option value=\"B\u00f6l\u00fcm Se\u00e7iniz\">Select Section<\/option>\n                        <option value=\"Medikal Estetik\">Medical Aesthetics<\/option>\n                        <option value=\"Plastik Cerrahi\">Plastic Surgery<\/option>\n                        <option value=\"Sa\u00e7 Ekimi\">Hair Transplant<\/option>\n                        <option value=\"Di\u015f Esteti\u011fi\">Dental Aesthetics<\/option>\n                        <option value=\"T\u0131bbi Birimler\">Medical Departments<\/option>\n                      <\/select>\n                      <div class=\"children_select\">\n                        <select class=\"select-field sub _1\" style=\"display: none;\">\n                          <option>Select Section<\/option>\n                          <option value=\"Sa\u00e7 Ekimi\">Hair Transplant<\/option>\n                          <option value=\"Y\u00fcz ve Cilt PRP Tedavisi\">Face and Skin PRP Treatment<\/option>\n                          <option value=\"Lazer D\u00f6vme Sildirme Tedavisi\">Laser Tattoo Removal Treatment<\/option>\n                          <option value=\"Lazerle T\u00fcy Sarartma Tedavisi\">Laser Hair Removal Treatment<\/option>\n                          <option value=\"Lazerle Genital B\u00f6lge Beyazlatma Tedavisi\">Laser Genital Area Whitening Treatment<\/option>\n                          <option value=\"Lazerle Dirsek Beyazlatma Tedavisi\">Laser Elbow Whitening Treatment<\/option>\n                          <option value=\"Lazerle Koltuk Alt\u0131 Beyazlatma Tedavisi\">Laser Underarm Whitening Treatment<\/option>\n                          <option value=\"Lazerle Cilt Beyazlatma Tedavisi\">Laser Skin Whitening Treatment<\/option>\n                          <option value=\"Q-Switch Lazer Leke Tedavisi\">Q-Switch Laser Spot Treatment<\/option>\n                          <option value=\"Fraksiyonel Lazer Tedavisi\">Fractional Laser Therapy<\/option>\n                          <option value=\"Ciltte K\u0131lcal Damar \u00c7atlamas\u0131 Lazer Tedavisi\">Laser Treatment of Skin Capillary Cracking<\/option>\n                          <option value=\"Telenjiektazi Tedavisi\">Telangiectasia Treatment<\/option>\n                          <option value=\"Porto \u015earab\u0131 Lekesi Tedavisi\">Port Wine Stain Treatment<\/option>\n                          <option value=\"Hemanjiom &amp; Damarsal Lezyon Lazer Tedavisi\">Hemangioma &amp; Vascular Lesion Laser Treatment<\/option>\n                          <option value=\"Lazer Leke Tedavisi\">Laser Pigmentation Treatment<\/option>\n                          <option value=\"Lazer K\u0131r\u0131\u015f\u0131k Giderme Tedavisi\">Laser Wrinkle Removal Treatment<\/option>\n                          <option value=\"Cilt \u00c7atlak ve Leke Tedavisi\">Skin Stretch Mark and Blemish Treatment<\/option>\n                          <option value=\"Frans\u0131z Ask\u0131s\u0131\">French Hanger<\/option>\n                          <option value=\"4D Cilt Gen\u00e7le\u015ftirme\">4D Skin Rejuvenation<\/option>\n                          <option value=\"Y\u00fcz Mezoliftingi\">Facial Mesolifting<\/option>\n                          <option value=\"Medikal Cilt Bak\u0131m\u0131 \u0130\u015flemi\">Medical Skin Care Procedure<\/option>\n                          <option value=\"\u00c7ene ve Jawline Dolgusu\">Chin and Jawline Filler<\/option>\n                          <option value=\"Hydrafacial Cilt Bak\u0131m\u0131 \u0130\u015flemi\">Hydrafacial Skin Care Procedure<\/option>\n                          <option value=\"Kimyasal Peeling Uygulamas\u0131\">Chemical Peeling Application<\/option>\n                          <option value=\"Y\u00fcz  Dolgusu\">Face Filling<\/option>\n                          <option value=\"Karbon Peeling Uygulamas\u0131\">Carbon Peeling Application<\/option>\n                          <option value=\"Gen\u00e7lik A\u015f\u0131s\u0131 Uygulamalar\u0131\">Youth Vaccine Applications<\/option>\n                          <option value=\"Elmac\u0131k Kemi\u011fi ve Yanak Dolgusu\">Cheekbone and Cheek Filling<\/option>\n                          <option value=\"Nazolabial Dolgu Uygulamas\u0131\">Nasolabial Filler Application<\/option>\n                          <option value=\"Zay\u0131flama ve \u0130ncelme Mezoterapisi\">Slimming and Slimming Mesotherapy<\/option>\n                          <option value=\"G5 Sel\u00fclit Masaj\u0131 Tedavisi\">G5 Cellulite Massage Treatment<\/option>\n                          <option value=\"Lenf Drenaj Masaj\u0131 Tedavisi\">Lymph Drainage Massage Treatment<\/option>\n                          <option value=\"Kas \u00c7al\u0131\u015ft\u0131rma ve Ya\u011f Yakma Uygulamalar\u0131\">Muscle Training and Fat Burning Apps<\/option>\n                          <option value=\"Burun ve Burun Ucu Dolgusu\">Nose and Nose Tip Filling<\/option>\n                          <option value=\"Masseter \u00c7ene Botoksu\">Jawline Botox for Masseter Muscle<\/option>\n                          <option value=\"Koltuk Alt\u0131 Botoksu\">Armpit Botox<\/option>\n                          <option value=\"El Terlemesi Botoksu\">Hand Sweating Botox<\/option>\n                          <option value=\"Di\u015f ve Di\u015f Ta\u015f\u0131 Temizli\u011fi\">Tooth and Tartar Cleaning<\/option>\n                          <option value=\"Di\u015f Kanal Tedavisi &amp; Endodonti\">Root Canal Treatment &amp; Endodontics<\/option>\n                          <option value=\"Di\u015f Protezi Uygulamas\u0131\">Dental Prosthesis Practice<\/option>\n                          <option value=\"Dudak \u00dcst\u00fc ve Kenar\u0131 Botoksu\">Botox for Upper Lip and Lip Corners<\/option>\n                          <option value=\"G\u00f6z Alt\u0131 ve \u00c7evresi Botoksu\">Botox Under and Around the Eyes<\/option>\n                          <option value=\"Di\u015f Kaplama\">Tooth Veneers<\/option>\n                          <option value=\"Al\u0131n \u00c7izgisi Botoksu\">Forehead Line Botox<\/option>\n                          <option value=\"Radyofrekans Tedavisi\">Radiofrequency Treatment<\/option>\n                          <option value=\"So\u011fuk Lipoliz Zay\u0131flama Tedavisi\">Cold Lipolysis Slimming Treatment<\/option>\n                          <option value=\"Lazer \u0130le Y\u00fcz Gen\u00e7le\u015ftirme Uygulamalar\u0131\">Laser Facial Rejuvenation Treatments<\/option>\n                          <option value=\"Kal\u0131c\u0131 Lazer Epilasyon\">Permanent Laser Hair Removal<\/option>\n                          <option value=\"Somon DNA Serum &amp; A\u015f\u0131 Tedavisi\">Salmon DNA Serum &amp; Vaccine Treatment<\/option>\n                          <option value=\"Cilt K\u00f6k H\u00fccre Tedavisi (Alloblast)\">Skin Stem Cell Therapy (Alloblast)<\/option>\n                          <option value=\"Alt\u0131n \u0130\u011fne Tedavisi (Scarlet X)\">Golden Needle Treatment (Scarlet X)<\/option>\n                          <option value=\"Di\u015f \u0130mplant\u0131\">Dental Implant<\/option>\n                          <option value=\"Di\u015f Beyazlatma Tedavisi\">Teeth Whitening Treatment<\/option>\n                          <option value=\"Sakal Ekimi\">Beard Transplant<\/option>\n                          <option value=\"Kad\u0131n Genital Esteti\u011fi\">Female Genital Cosmetic Surgery<\/option>\n                          <option value=\"Burun Esteti\u011fi\">Nose Aesthetics<\/option>\n                          <option value=\"Ameliyats\u0131z Y\u00fcz Germe (HIFU)\">Non-Surgical Face Lift (HIFU)<\/option>\n                          <option value=\"G\u00f6z Alt\u0131 I\u015f\u0131k Dolgusu\">Under Eye Light Filling<\/option>\n                          <option value=\"Dolgun Ve Hacimli Dudak Dolgusu Uygulamalar\u0131\">Plump and Voluminous Lip Filler Applications<\/option>\n                          <option value=\"Y\u00fcz Botoksu\">Face Botox<\/option>\n                          <option value=\"Ka\u015f Aras\u0131, Ka\u015f Ortas\u0131 ve Ka\u015f Kald\u0131rma Botoksu\">Botox between the eyebrows, mid-brow and brow lift<\/option>\n                        <\/select>\n                        <select class=\"select-field sub _2\" style=\"display: none;\">\n                          <option>Select Section<\/option>\n                          <option value=\"KADIN GEN\u0130TAL ESTET\u0130\u011e\u0130\">Female Genital Aesthetics<\/option>\n                          <option value=\"BURUN KULAK G\u00d6Z ESTET\u0130\u011e\u0130\">Nose, Ear, and Eye Aesthetics<\/option>\n                        <\/select>\n                        <select class=\"select-field sub _3\" style=\"display: none;\">\n                          <option>Select Section<\/option>\n                          <option value=\"Sa\u00e7 Ekimi\">Hair Transplant<\/option>\n                          <option value=\"Sakal Ekimi\">Beard Transplant<\/option>\n                        <\/select>\n                        <select class=\"select-field sub _4\" style=\"display: none;\">\n                          <option>Select Section<\/option>\n                          <option value=\"D\u0130\u015f ve D\u0130\u015f Ta\u015f\u0131 Tem\u0130zl\u0130\u011f\u0130\">Dental Cleaning and Scaling<\/option>\n                          <option value=\"Kanal Tedav\u0130s\u0130 (Endodont\u0130)\">Root Canal Treatment (Endodontics)<\/option>\n                          <option value=\"D\u0130\u015f Protez\u0130\">Dental Prosthesis<\/option>\n                          <option value=\"D\u0130\u015f Kaplama\">Tooth Crown<\/option>\n                          <option value=\"D\u0130\u015f \u0130mplant\u0131\">Dental Implant<\/option>\n                          <option value=\"D\u0130\u015f Beyazlatma\">Teeth Whitening<\/option>\n                        <\/select>\n                      <select class=\"select-field sub _5\" style=\"display: none;\">\n                          <option>Select Section<\/option>\n                          <option value=\"Check Up\">Check Up<\/option>\n                          <option value=\"Sa\u011fl\u0131k Raporlar\u0131\">Health Reports<\/option>\n                          <option value=\"Kad\u0131n Hastal\u0131klar\u0131 &amp; J\u0130nekoloj\u0130\">Gynecology &#038; Women&#8217;s Health<\/option>\n                          <option value=\"Ortoped\u0130 ve Travmatoloj\u0130\">Orthopedics and Traumatology<\/option>\n                          <option value=\"Kulak Burun Bo\u011faz (KBB)\">Ear, Nose, and Throat (ENT)<\/option>\n                          <option value=\"Genel Cerrah\u0130\">General Surgery<\/option>\n                          <option value=\"\u00dcroloj\u0130\">Urology<\/option>\n                          <option value=\"Dermatoloj\u0130\">Dermatology<\/option>\n                          <option value=\"Dah\u0130l\u0130ye &amp; \u0130\u00e7 Hastal\u0131klar\u0131 Tedav\u0130s\u0130\">Internal Medicine &#038; Treatment of Internal Diseases.<\/option>\n                        <\/select>\n                      <\/div>\n                    <\/div>\n                    <label class=\"w-checkbox field_checkbox-primary-2\">\n                      <div class=\"w-checkbox-input w-checkbox-input--inputType-custom checkbox-2\"><\/div>\n                      <input type=\"checkbox\" name=\"checkbox-4\" id=\"checkbox-4\" data-name=\"Checkbox 4\" style=\"display: none;\">\n                      <span class=\"checkbox-label-3 w-form-label\" for=\"checkbox-4\">I accept to receive commercial electronic messages<\/p>\n<\/span>\n                    <\/label>\n                    <label class=\"w-checkbox field_checkbox-primary-2\">\n                      <div class=\"w-checkbox-input w-checkbox-input--inputType-custom checkbox-2\"><\/div>\n                      <input type=\"checkbox\" name=\"checkbox-2\" id=\"checkbox-2\" data-name=\"Checkbox 2\" style=\"display: none;\">\n                      <span class=\"checkbox-label-4 w-form-label\" for=\"checkbox-2\">I read and agree on the privacy policy and terms and condition.<\/p>\n<\/span>\n                    <\/label>\n                    <input type=\"hidden\" id=\"service\" name=\"service\" value=\"\">\n                    <input type=\"hidden\" id=\"source\" name=\"source\" value=\"\">\n                    <input type=\"hidden\" id=\"medium\" name=\"medium\" value=\"\">\n                    <input type=\"hidden\" id=\"campaign\" name=\"campaign\" value=\"\">\n                    <input type=\"hidden\" id=\"content\" name=\"content\" value=\"\">\n                    <input type=\"hidden\" id=\"term\" name=\"term\" value=\"\">\n                    <input type=\"hidden\" id=\"referrer\" name=\"referrer\" value=\"\">\n                    <input type=\"hidden\" id=\"GCLID\" name=\"GCLID\" value=\"\">\n\n                    <div class=\"div-block-2\">\n                      <input id=\"main-form-submit\" type=\"submit\" data-wait=\"Please wait...\" class=\"button_form-2 w-button\" value=\"Send\"><\/div>\n                    <\/form>\n                  <!-- <div class=\"header_form-primary-2\"><img decoding=\"async\" width=\"Auto\" height=\"Auto\" alt=\"\" src=\"https:\/\/elitklinik.com.tr\/wp-content\/themes\/elitklinik\/assets\/images\/calender-clock.svg\" loading=\"lazy\" class=\"icon_schedule-2\">\n                      <div class=\"text-block-2\">Fast Appointment<\/div>\n                    <\/div>\n                    <div class=\"title_form-primary-2 sm_form-font\">Make an Appointment and We'll Reach You As Soon As Possible<\/div> -->\n                                    <\/div>\n                <div class=\"w-embed w-script\">\n                  <script>\n                    \/\/ ck_63da207efd5489e8121ecdc7e9967ecd245c01a5\n                    \/\/ cs_4f1b0fe9fe5c1f4abc370a0c776612e2da9bdebe\n                    document.addEventListener('DOMContentLoaded', function() {\n                        \/\/ Get the parent select field and child select divs\n                        const parentSelect = document.querySelector('.select-field.parent');\n                        const childSelects = document.querySelectorAll('.children_select select');\n                        const service = document.getElementById('service');\n                        \/\/ Initially hide all child select fields\n                        childSelects.forEach(select => {\n                            select.style.display = 'none';\n                            select.addEventListener('change',function(){\n                              service.setAttribute('value',select.value);\n                            });\n                        });\n\n                        \/\/ Function to show the relevant child select based on parent selection\n                        parentSelect.addEventListener('change', function() {\n                            \/\/ Hide all child selects\n                            childSelects.forEach(select => {\n                                select.style.display = 'none';\n                            });\n\n                            \/\/ Show the relevant child select based on the selected value\n                            switch (parentSelect.value) {\n                                case 'Medikal Estetik':\n                                    document.querySelector('.sub._1').style.display = 'block';\n                                    break;\n                                case 'Plastik Cerrahi':\n                                    document.querySelector('.sub._2').style.display = 'block';\n                                    break;\n                                case 'Sa\u00e7 Ekimi':\n                                    document.querySelector('.sub._3').style.display = 'block';\n                                    break;\n                                case 'Di\u015f Esteti\u011fi':\n                                    document.querySelector('.sub._4').style.display = 'block';\n                                    break;\n                                case 'T\u0131bbi Birimler':\n                                    document.querySelector('.sub._5').style.display = 'block';\n                                    break;\n                                default:\n                                    \/\/ Do nothing if 'B\u00f6l\u00fcm Se\u00e7iniz' is selected\n                                    break;\n                            }\n                        });\n                    });\n                  <\/script>\n                <\/div>\n\n                \n                \n              <\/div>\n            <\/div>\n          <\/div>\n        <\/div>\n      <\/div>","protected":false},"excerpt":{"rendered":"","protected":false},"author":1,"featured_media":0,"parent":0,"menu_order":0,"comment_status":"closed","ping_status":"closed","template":"","meta":{"_acf_changed":false,"inline_featured_image":false,"footnotes":""},"class_list":["post-3544","page","type-page","status-publish","hentry"],"acf":[],"_links":{"self":[{"href":"https:\/\/elitklinik.com.tr\/en\/wp-json\/wp\/v2\/pages\/3544","targetHints":{"allow":["GET"]}}],"collection":[{"href":"https:\/\/elitklinik.com.tr\/en\/wp-json\/wp\/v2\/pages"}],"about":[{"href":"https:\/\/elitklinik.com.tr\/en\/wp-json\/wp\/v2\/types\/page"}],"author":[{"embeddable":true,"href":"https:\/\/elitklinik.com.tr\/en\/wp-json\/wp\/v2\/users\/1"}],"replies":[{"embeddable":true,"href":"https:\/\/elitklinik.com.tr\/en\/wp-json\/wp\/v2\/comments?post=3544"}],"version-history":[{"count":2,"href":"https:\/\/elitklinik.com.tr\/en\/wp-json\/wp\/v2\/pages\/3544\/revisions"}],"predecessor-version":[{"id":5609,"href":"https:\/\/elitklinik.com.tr\/en\/wp-json\/wp\/v2\/pages\/3544\/revisions\/5609"}],"wp:attachment":[{"href":"https:\/\/elitklinik.com.tr\/en\/wp-json\/wp\/v2\/media?parent=3544"}],"curies":[{"name":"wp","href":"https:\/\/api.w.org\/{rel}","templated":true}]}}