{"id":3599,"date":"2024-10-24T06:43:42","date_gmt":"2024-10-24T03:43:42","guid":{"rendered":"https:\/\/elitklinik.com.tr\/werbebotschaft-ausdrueckliche-zustimmung-text\/"},"modified":"2024-11-04T08:31:07","modified_gmt":"2024-11-04T08:31:07","slug":"werbebotschaft-ausdrueckliche-zustimmung-text","status":"publish","type":"page","link":"https:\/\/elitklinik.com.tr\/de\/werbebotschaft-ausdrueckliche-zustimmung-text\/","title":{"rendered":"Werbebotschaft Ausdr\u00fcckliche Zustimmung Text"},"content":{"rendered":"      \n      <div class=\"section is-content1\" >\n        <div class=\"container_primary\">\n          <div class=\"wrapper_section-content-new\">\n            <h1 class=\"h1_content\">Klarstellungstext zum Schutz personenbezogener Daten<\/h1>\n                        <div class=\"item_content\">\n                            <h2 class=\"heading_content\">WAS IST DIE POLITIK DER KVKK?<\/h2>\n                            \n              <p class=\"paragraph_primary\">Dieser Erl\u00e4uterungstext wurde von ESTEL\u0130T SA\u011eLIK H\u0130ZMETLER\u0130 A.\u015e. in der Eigenschaft als Verantwortlicher f\u00fcr die Datenverarbeitung und als Dienstleister im Rahmen von Artikel 10 des Gesetzes Nr. 6698 \u00fcber den Schutz personenbezogener Daten und des Kommuniqu\u00e9s \u00fcber die Verfahren und Grunds\u00e4tze, die bei der Erf\u00fcllung der Informationspflicht einzuhalten sind, erstellt, um Sie \u00fcber die Verarbeitung Ihrer personenbezogenen Daten und das Gesetz zur Regelung des elektronischen Handels zu informieren. Der f\u00fcr die Datenverarbeitung Verantwortliche, ESTEL\u0130T SA\u011eLIK H\u0130ZMETLER\u0130 A.\u015e. (im Folgenden &#8222;EL\u0130T KL\u0130N\u0130K&#8220; oder &#8222;Unternehmen&#8220; genannt), macht folgende Angaben: Verantwortlicher f\u00fcr die Daten:<br \/>\nESTEL\u0130T SA\u011eLIK H\u0130ZMETLER\u0130 A.\u015e. Adresse: Hamidiye, Cendere Cad.<\/p>\n<p>No: 103 &#8211; 1 T4 Blok, 34396 Ka\u011f\u0131thane\/\u0130stanbul Tel : +90 444 0 207E-mail: info@elitklinik.com Bez\u00fcglich der Verarbeitung Ihrer pers\u00f6nlichen Daten; Ihre Identit\u00e4tsinformationen (Ihr Name, Nachname, etc.), Kontaktinformationen (Telefonnummer, Nachname, etc.), Kontaktinformationen (Telefonnummer, Nachname, etc.), Kontaktinformationen (Telefonnummer, Nachname, etc.), etc., die pers\u00f6nliche Daten sind, die Sie uns \u00fcber unsere Website, unser Callcenter und die Kommunikationskan\u00e4le unseres Firmen-E-Mail-Kontos mitgeteilt haben.), Ihre Kontaktinformationen (Telefonnummer, Adresse, E-Mail-Adresse usw.), Ihre Transaktionssicherheitsinformationen (IP-\/MAC-Adresse, Login-Exit-Informationen zu unserer Website usw.), Ihre Buchhaltungsinformationen (Bankkontonummer, IBAN-Nummer, Kreditkarteninformationen, Rechnungsinformationen usw.), Ihre Finanzdaten usw. Ihre sonstigen personenbezogenen Daten, die Sie uns \u00fcbermitteln, Ihre Kameraaufnahmen, die zu Sicherheits- und Pr\u00fcfzwecken aufbewahrt werden, wenn Sie unsere medizinischen Zentren besuchen, Ihre Gesundheitsdaten (einschlie\u00dflich, aber nicht beschr\u00e4nkt auf Ihre Laborergebnisse, Testergebnisse, Untersuchungsdaten, Termininformationen, Kontrollinformationen, Verordnungsinformationen, alle Arten von personenbezogenen Daten in Bezug auf Gesundheit und Sexualleben, die w\u00e4hrend oder infolge der Durchf\u00fchrung von medizinischen Diagnose-, Behandlungs- und Pflegediensten erhoben werden),<a href=\"http:\/\/www.elitklinik.com.tr\">www.<\/a> Ihre Gesundheitsdaten und andere personenbezogene Daten, die Sie an die Website <a href=\"http:\/\/www.elitklinik.com.tr\">elitklinik.com.tr<\/a> senden oder dort eingeben Best\u00e4tigung Ihrer Identit\u00e4t, Schutz der \u00f6ffentlichen Gesundheit, Pr\u00e4ventivmedizin, medizinische Diagnose-, Behandlungs- und Pflegedienste, Planung und Verwaltung von Gesundheitsdiensten und Finanzierung, Weitergabe der angeforderten Informationen an das Gesundheitsministerium und andere \u00f6ffentliche Einrichtungen und Organisationen in \u00dcbereinstimmung mit den einschl\u00e4gigen Rechtsvorschriften. Planung und Verwaltung der internen Funktionsweise unseres Medizinischen Zentrums und der t\u00e4glichen Abl\u00e4ufe, Lieferung von Medikamenten, Information \u00fcber den Termin, wenn Sie einen Termin vereinbaren, Erf\u00fcllung von Risikomanagement- und Qualit\u00e4tsverbesserungsma\u00dfnahmen, Erf\u00fcllung gesetzlicher Verpflichtungen, Rechnungsstellung f\u00fcr unsere Dienstleistungen durch die Abteilungen Patientenservice, Finanzen, Marketing und Best\u00e4tigung Ihrer Beziehung zu beauftragten Einrichtungen, Marketing-, Medien- und Kommunikationsabteilungen, Call-Center-Abteilungen zur Teilnahme an Kampagnen und zur Bereitstellung von Kampagneninformationen, zur Gestaltung und \u00dcbermittlung spezieller Inhalte, materieller und immaterieller Vorteile auf Web- und mobilen Kan\u00e4len, zur Durchf\u00fchrung von Kommunikationsaktivit\u00e4ten, zur Nachverfolgung und Beantwortung von Anfragen und Beschwerden, zur Verwaltung von Notfallprozessen. Gem\u00e4\u00df Artikel 5 des Gesetzes Nr. 6698 werden die betreffenden personenbezogenen Daten automatisch auf der Grundlage der rechtlichen Gr\u00fcnde verarbeitet, dass es f\u00fcr den f\u00fcr die Datenverarbeitung Verantwortlichen zwingend erforderlich ist, seine rechtlichen Verpflichtungen zu erf\u00fcllen, und dass die Datenverarbeitung f\u00fcr die Begr\u00fcndung, die Nutzung oder den Schutz eines Rechts zwingend erforderlich ist.<\/p>\n<p>  Diese von Ihnen \u00fcbermittelten personenbezogenen Daten werden nur innerhalb unseres Unternehmens ausgewertet und k\u00f6nnen an Dritte weitergegeben werden, von denen wir Dienstleistungen erhalten und mit denen wir zusammenarbeiten, um Aktivit\u00e4ten in \u00dcbereinstimmung mit den oben genannten Zwecken durchzuf\u00fchren, an \u00c4rzte und anderes Personal, das in unseren Unternehmen t\u00e4tig ist, an Dritte, von denen wir Beratung erhalten, einschlie\u00dflich Anw\u00e4lten, Steuer- und Finanzberatern und Wirtschaftspr\u00fcfern, an unsere Gesch\u00e4ftspartner und andere Dritte, mit denen wir zusammenarbeiten, um Gesundheitsdienstleistungen f\u00fcr die oben genannten Zwecke zu entwickeln oder durchzuf\u00fchren. Wenn es unser Unternehmen f\u00fcr notwendig erachtet, k\u00f6nnen Sie kontaktiert und um Auskunft \u00fcber die Richtigkeit Ihrer pers\u00f6nlichen Daten gebeten werden. Alle diese Vorg\u00e4nge stehen im Einklang mit dem Gesetz Nr. 6698 \u00fcber den Schutz personenbezogener Daten, dem Grundgesetz Nr. 3359 \u00fcber das Gesundheitswesen, dem Gesetzesdekret Nr. 663 \u00fcber die Organisation und die Aufgaben des Gesundheitsministeriums und der ihm angeschlossenen Einrichtungen, der Verordnung \u00fcber private Gesundheitseinrichtungen f\u00fcr ambulante Diagnose und Behandlung, der Verordnung \u00fcber die Verarbeitung und den Schutz der Privatsph\u00e4re personenbezogener Gesundheitsdaten, den Vorschriften des Gesundheitsministeriums, unserer Datenschutzrichtlinie und anderen gesetzlichen Bestimmungen. Der Inhaber der Daten kann sich an EL\u0130T CLINIC als betroffene Person wenden und sich gem\u00e4\u00df Artikel 11 des Gesetzes Nr. 6698 \u00fcber den Schutz personenbezogener Daten an EL\u0130T CLINIC wenden: Um zu erfahren, ob personenbezogene Daten verarbeitet werden oder nicht Um Auskunft zu verlangen, wenn personenbezogene Daten verarbeitet wurden Um zu erfahren, zu welchem Zweck personenbezogene Daten verarbeitet werden und ob sie entsprechend ihrem Zweck verwendet werden Um zu erfahren, an welche Dritten personenbezogene Daten im In- oder Ausland \u00fcbermittelt werden Um die Berichtigung personenbezogener Daten im Falle einer unvollst\u00e4ndigen oder unrichtigen Verarbeitung zu verlangen Um die Berichtigung personenbezogener Daten im Falle einer unvollst\u00e4ndigen oder unrichtigen Verarbeitung zu verlangen &#8222;L\u00f6schung, Vernichtung oder Anonymisierung personenbezogener Daten&#8220; 7. Die L\u00f6schung oder Vernichtung personenbezogener Daten im Rahmen der in Artikel 7 des Gesetzes mit dem Titel &#8222;L\u00f6schung oder Vernichtung personenbezogener Daten&#8220; festgelegten Bedingungen zu verlangen Die Benachrichtigung von Dritten, an die personenbezogene Daten \u00fcbermittelt werden, \u00fcber die Berichtigung unvollst\u00e4ndiger oder unrichtig verarbeiteter Daten oder die L\u00f6schung oder Vernichtung der Daten auf Antrag der betroffenen Person zu verlangen Einspruch gegen das Eintreten eines Ergebnisses zum Nachteil der Person selbst zu erheben, indem die verarbeiteten Daten ausschlie\u00dflich durch automatisierte Systeme analysiert werden Im Falle eines Schadens aufgrund einer unrechtm\u00e4\u00dfigen Verarbeitung personenbezogener Daten k\u00f6nnen Sie Ihre Rechte nutzen, um eine Entsch\u00e4digung f\u00fcr den Schaden zu verlangen. Es werden Ma\u00dfnahmen ergriffen, indem alle notwendigen Infrastrukturen, technologische Software und Hardware eingesetzt werden, um die Datensicherheit zu gew\u00e4hrleisten. Sie k\u00f6nnen Ihre Antr\u00e4ge an EL\u0130T KL\u0130N\u0130K bez\u00fcglich Ihrer oben genannten Rechte auf die Art und Weise stellen, die im Kommuniqu\u00e9 \u00fcber Antragsverfahren und Grunds\u00e4tze an den f\u00fcr die Verarbeitung Verantwortlichen festgelegt ist. Ihre Antr\u00e4ge m\u00fcssen Ihnen pers\u00f6nlich zustehen. Wir m\u00f6chten betonen, dass ein Antrag nicht f\u00fcr Auskunftsersuchen bez\u00fcglich der personenbezogenen Daten einer anderen Person gestellt werden kann. EL\u0130T CLINIC wird Ihre Auskunftsantr\u00e4ge so schnell wie m\u00f6glich, sp\u00e4testens jedoch innerhalb von drei\u00dfig Tagen, kostenlos bearbeiten. Um Ihr Recht auf Auskunft \u00fcber personenbezogene Daten in Anspruch zu nehmen, k\u00f6nnen Sie die Informationen auf unserer Website \u00fcber den Link https:\/\/www.elitklinik.com.tr\/ abrufen und das &#8222;Formular f\u00fcr Auskunftsersuchen gem\u00e4\u00df dem Gesetz Nr. 6698 \u00fcber den Schutz personenbezogener Daten&#8220; auf unserer Website verwenden.<\/p>\n<p>Dieser Text wurde erstellt, um Sie \u00fcber die Ank\u00fcndigung allgemeiner \/ besonderer Gelegenheiten zu den von EL\u0130T KL\u0130N\u0130K angebotenen Produkten und Dienstleistungen im Rahmen des Gesetzes 6563 \u00fcber die Regulierung des elektronischen Handels und der Verordnung \u00fcber kommerzielle Kommunikation und kommerzielle elektronische Nachrichten sowie anderer einschl\u00e4giger Gesetze zu informieren, um Sie \u00fcber aktuelle Entwicklungen zu informieren, um Nachrichten zu Feierzwecken zu erhalten, um Ihnen Inhalte wie Pr\u00e4sentationen und Newsletter zu senden, um kommerzielle elektronische Nachrichten und andere Nachrichten in \u00dcbereinstimmung mit den einschl\u00e4gigen Gesetzen zur F\u00f6rderung und Werbung zu senden. Wenn Sie in diesem Zusammenhang Ihre Zustimmung zum Erhalt elektronischer kommerzieller Nachrichten geben, m\u00f6chten wir Sie dar\u00fcber informieren, dass kommerzielle elektronische Nachrichten und andere Nachrichten \u00fcber den Kommunikationskanal E-Mail\/Post in \u00dcbereinstimmung mit dem Gesetz an Sie gesendet werden, dass sie zu diesen Zwecken empfangen werden, um den Verkauf von Waren oder Dienstleistungen und Werbe-, Kampagnen- und Promotionsprozesse durchzuf\u00fchren, und dass die Nachrichten \u00fcber den von Ihnen bevorzugten Kanal an Sie gesendet werden, dass Sie jederzeit Ihre Kommunikationspr\u00e4ferenzen \u00e4ndern oder die Kommunikation kostenlos beenden k\u00f6nnen, indem Sie die in den Nachrichten, die Sie erhalten, angegebene Transaktion ohne jegliche Rechtfertigung ablehnen. Sie akzeptieren und erkl\u00e4ren, dass Sie den obigen Erl\u00e4uterungstext zu den kommerziellen elektronischen Nachrichten, die Ihnen zugesandt werden, gelesen und verstanden haben. In diesem Zusammenhang m\u00f6chten wir Sie dar\u00fcber informieren, dass wir Ihnen elektronische Werbenachrichten zusenden k\u00f6nnen, wenn Sie uns Ihr Einverst\u00e4ndnis geben, Ihnen elektronische Werbenachrichten \u00fcber die von Ihnen bevorzugten Kan\u00e4le zuzusenden. ESTELI\u0307T HEALTH SERVICES A.\u015e.<\/p>\n            <\/div>\n                      \n          <\/div>\n        <\/div>\n      <\/div>","protected":false},"excerpt":{"rendered":"","protected":false},"author":1,"featured_media":0,"parent":0,"menu_order":0,"comment_status":"closed","ping_status":"closed","template":"","meta":{"_acf_changed":false,"inline_featured_image":false,"footnotes":""},"class_list":["post-3599","page","type-page","status-publish","hentry"],"acf":[],"_links":{"self":[{"href":"https:\/\/elitklinik.com.tr\/de\/wp-json\/wp\/v2\/pages\/3599","targetHints":{"allow":["GET"]}}],"collection":[{"href":"https:\/\/elitklinik.com.tr\/de\/wp-json\/wp\/v2\/pages"}],"about":[{"href":"https:\/\/elitklinik.com.tr\/de\/wp-json\/wp\/v2\/types\/page"}],"author":[{"embeddable":true,"href":"https:\/\/elitklinik.com.tr\/de\/wp-json\/wp\/v2\/users\/1"}],"replies":[{"embeddable":true,"href":"https:\/\/elitklinik.com.tr\/de\/wp-json\/wp\/v2\/comments?post=3599"}],"version-history":[{"count":1,"href":"https:\/\/elitklinik.com.tr\/de\/wp-json\/wp\/v2\/pages\/3599\/revisions"}],"predecessor-version":[{"id":3600,"href":"https:\/\/elitklinik.com.tr\/de\/wp-json\/wp\/v2\/pages\/3599\/revisions\/3600"}],"wp:attachment":[{"href":"https:\/\/elitklinik.com.tr\/de\/wp-json\/wp\/v2\/media?parent=3599"}],"curies":[{"name":"wp","href":"https:\/\/api.w.org\/{rel}","templated":true}]}}