{"id":3592,"date":"2024-10-24T06:58:28","date_gmt":"2024-10-24T06:58:28","guid":{"rendered":"https:\/\/elitklinik.com.tr\/erlaeuterungstext\/"},"modified":"2024-11-04T08:02:17","modified_gmt":"2024-11-04T08:02:17","slug":"erlaeuterungstext","status":"publish","type":"page","link":"https:\/\/elitklinik.com.tr\/de\/erlaeuterungstext\/","title":{"rendered":"Erl\u00e4uterungstext"},"content":{"rendered":"      \n      <div class=\"section is-content1\" >\n        <div class=\"container_primary\">\n          <div class=\"wrapper_section-content-new\">\n            <h1 class=\"h1_content\">Erl\u00e4uterungstext<\/h1>\n                        <div class=\"item_content\">\n                            <h2 class=\"heading_content\">KL\u00c4RUNGSTEXT IM RAHMEN DES GESETZES NR. 6698 \u00dcBER DEN SCHUTZ PERSONENBEZOGENER DATEN<\/h2>\n                            \n              <p class=\"paragraph_primary\">Gesetz Nr. 6698 \u00fcber den Schutz personenbezogener Daten (im Folgenden &#8222;KVKK&#8220; oder &#8222;Gesetz&#8220;) ist es wichtig, personenbezogene Daten und \/ oder sensible personenbezogene Daten zu verarbeiten und zu bewahren. Aus diesem Grund handeln wir als ESTEL\u0130T SA\u011eLIK H\u0130ZMETLER\u0130 A.\u015e. (im Folgenden als &#8222;EL\u0130T KL\u0130N\u0130K&#8220; oder &#8222;Unternehmen&#8220; bezeichnet) in \u00dcbereinstimmung mit dem KVKK in Bezug auf den Schutz, die Aufbewahrung und die Verarbeitung Ihrer personenbezogenen Daten und\/oder sensiblen personenbezogenen Daten. Wir erhalten h\u00e4ufig Daten von Ihnen \u00fcber das Internet. Personenbezogene Daten und\/oder sensible personenbezogene Daten, die wir w\u00e4hrend des Besuchs unserer Website erhalten und aufzeichnen, werden in \u00dcbereinstimmung mit dem Gesetz \u00fcber den Schutz personenbezogener Daten verarbeitet. In diesem Zusammenhang erh\u00e4lt und pflegt EL\u0130T CLINIC Ihre Daten innerhalb der gesetzlichen Grenzen in der Eigenschaft als Datenverantwortlicher. Wir m\u00f6chten au\u00dferdem darauf hinweisen, dass alle personenbezogenen Daten und\/oder besonderen Kategorien personenbezogener Daten, die wir beim Besuch unserer Website erhalten, im Rahmen unserer Datenschutzrichtlinie gesch\u00fctzt werden. In diesem Zusammenhang k\u00f6nnen Sie unsere Datenschutzrichtlinie, die Sie auf unserer Seite finden, und den KVKK-Klarstellungstext unserer Website unter dem Link www.elitklinik.com.tr einsehen. Dieser Erl\u00e4uterungstext wurde von EL\u0130T KL\u0130N\u0130K in der Eigenschaft als f\u00fcr die Datenverarbeitung Verantwortlicher im Rahmen von Artikel 10 des Gesetzes Nr. 6698 \u00fcber den Schutz personenbezogener Daten und des Kommuniqu\u00e9s \u00fcber die bei der Erf\u00fcllung der Offenlegungspflicht zu befolgenden Verfahren und Grunds\u00e4tze erstellt.<\/p>\n<p><strong>1. WAS SIND PERSONENBEZOGENE DATEN?<\/strong><\/p>\n<p>Personenbezogene Daten werden im Gesetz Nr. 6698 \u00fcber den Schutz personenbezogener Daten als &#8222;alle Informationen, die sich auf eine identifizierte oder identifizierbare nat\u00fcrliche Person beziehen&#8220; definiert. Wie Sie aus der Definition ersehen k\u00f6nnen, sind alle Informationen, die Sie identifizierbar machen, personenbezogene Daten. Um ein Beispiel daf\u00fcr zu geben, was personenbezogene Daten sind: Ihre Identit\u00e4tsinformationen (Ihr Vorname, Nachname, Familienstand, T.R.-Identifikationsnummer usw.), Ihre Kontaktinformationen (Ihre Telefonnummer, Adresse, E-Mail-Adresse usw.), Ihre Transaktionssicherheitsinformationen (Ihre IP-\/MAC-Adresse, Ihre Login-\/Exit-Informationen zu unserer Website usw.), Ihre Buchhaltungsinformationen (Ihre Bankkontonummer, Iban-Nummer, Kreditkarteninformationen, Rechnungsinformationen usw.), wenn Sie unser medizinisches Zentrum besuchen.), Ihre Kameraaufzeichnungen, die zu Sicherheits- und Pr\u00fcfungszwecken aufbewahrt werden, wenn Sie unser medizinisches Zentrum besuchen, Ihre Gesundheitsdaten (Ihre Laborergebnisse, Testergebnisse, Untersuchungsdaten, Termininformationen, Check-up-Informationen, Verordnungsinformationen und alle Arten von Daten \u00fcber Gesundheit und Sexualleben, die w\u00e4hrend oder infolge der Ausf\u00fchrung Ihrer medizinischen Diagnose, Behandlung und Pflegeleistungen gewonnen werden, einschlie\u00dflich, aber nicht beschr\u00e4nkt auf), Ihre Gesundheitsdaten, die Sie an www.elitklinik.com.tr senden oder dort eingeben, und andere pers\u00f6nliche Daten. Dar\u00fcber hinaus handelt es sich bei politischen Meinungen, Sekten, Ethnien, Religionen, Mitgliedschaften in Vereinen und Stiftungen, Gesundheitsinformationen, philosophischen Ansichten, \u00dcberzeugungen, sexuellen Vorlieben, Vorstrafen, Informationen \u00fcber strafrechtliche Verurteilungen und biometrischen Daten um personenbezogene Daten besonderer Art. Sofern sie in direktem Zusammenhang mit dem Abschluss oder der Erf\u00fcllung eines Vertrages stehen, werden Ihre personenbezogenen Daten auf der rechtlichen Grundlage verarbeitet, dass die Verarbeitung personenbezogener Daten der Vertragsparteien erforderlich ist und dass der f\u00fcr die Verarbeitung Verantwortliche dies zur Erf\u00fcllung seiner rechtlichen Verpflichtung tun muss.    <\/p>\n<p><strong>2. JURISTISCHE GRUNDLAGEN<\/strong><\/p>\n<p>Das Gesetz Nr. 6698 \u00fcber den Schutz personenbezogener Daten sieht vor, dass die Personen, deren Daten verarbeitet werden, vor der Durchf\u00fchrung von Datenverarbeitungsaktivit\u00e4ten informiert werden m\u00fcssen. Dieser Punkt, der als Informationspflicht bezeichnet wird, ist in Artikel 10 des Gesetzes \u00fcber den Schutz personenbezogener Daten wie folgt festgelegt: &#8222;Bei der Erfassung personenbezogener Daten sind der f\u00fcr die Datenverarbeitung Verantwortliche und die von ihm beauftragte Person verpflichtet, die betroffenen Personen \u00fcber die Identit\u00e4t des f\u00fcr die Datenverarbeitung Verantwortlichen und gegebenenfalls seines Vertreters, \u00fcber den Zweck der Verarbeitung personenbezogener Daten, dar\u00fcber, an wen und zu welchem Zweck die verarbeiteten personenbezogenen Daten weitergegeben werden k\u00f6nnen, \u00fcber die Methode und den Rechtsgrund f\u00fcr die Erhebung personenbezogener Daten sowie \u00fcber andere in Artikel 11 aufgef\u00fchrte Rechte zu informieren.&#8220; In Artikel 3 dieses Gesetzes wird der f\u00fcr die Datenverarbeitung Verantwortliche definiert als &#8222;Nat\u00fcrliche oder juristische Personen, die die Zwecke und Mittel der Verarbeitung personenbezogener Daten bestimmen und f\u00fcr die Einrichtung und Verwaltung des Datenerfassungssystems verantwortlich sind&#8220;. Der Datenverarbeiter wiederum wird definiert als &#8222;die nat\u00fcrliche oder juristische Person, die personenbezogene Daten im Auftrag des f\u00fcr die Verarbeitung Verantwortlichen auf der Grundlage der vom f\u00fcr die Verarbeitung Verantwortlichen erteilten Genehmigung verarbeitet&#8220;. In diesem Zusammenhang ist der Inhaber der Datenverarbeitung die ELIT CLINIC, deren Website Sie besucht haben.<br \/>\nDie Informationen \u00fcber den f\u00fcr die Verarbeitung Verantwortlichen lauten wie folgt: Data Controller:<br \/>\nESTELIT SA\u011eLIK H\u0130ZMETLER\u0130 A.\u015e. Adresse: Hamidiye, Cendere Cad.<\/p>\n<p>Nr: 103 &#8211; 1 T4 Blok, 34396 Ka\u011f\u0131thane\/\u0130stanbul Tel: +90 444 0 207 E-mail: info@elitklinik.com        <\/p>\n<p><strong>3. UMFANG DER OFFENLEGUNGSPFLICHT DES F\u00dcR DIE DATENVERARBEITUNG VERANTWORTLICHEN ELI\u0307T KLINIK<\/strong><\/p>\n<p>In \u00dcbereinstimmung mit dem Vorstehenden ist EL\u0130T CLINIC der f\u00fcr die Datenverarbeitung Verantwortliche. Als Inhaber der Datenverarbeitung informiert und kl\u00e4rt EL\u0130T CLINIC Sie in diesem Aufkl\u00e4rungstext dar\u00fcber auf, von wem und zu welchem Zweck personenbezogene Daten verarbeitet werden k\u00f6nnen, an wen und zu welchem Zweck sie weitergegeben werden k\u00f6nnen, \u00fcber die Methode und den Rechtsgrund der Datenerhebung sowie \u00fcber die Rechte des Inhabers der Daten zum Schutz der personenbezogenen Daten. Ihre pers\u00f6nlichen Daten werden innerhalb der vom Gesetz Nr. 6698 \u00fcber den Schutz personenbezogener Daten festgelegten Grenzen und auf der Grundlage der gesetzlichen Prinzipien verarbeitet. Alle Arten Ihrer personenbezogenen Daten, die EL\u0130T CLINIC erh\u00e4lt (einschlie\u00dflich, aber nicht beschr\u00e4nkt auf personenbezogene Daten besonderer Art), k\u00f6nnen f\u00fcr die folgenden Zwecke verarbeitet werden: Best\u00e4tigung Ihrer Identit\u00e4t, Schutz der \u00f6ffentlichen Gesundheit, Pr\u00e4ventivmedizin, medizinische Diagnose-, Behandlungs- und Pflegedienste, Planung und Verwaltung von Gesundheitsdiensten und Finanzierung, Weitergabe der angeforderten Informationen an das Gesundheitsministerium und andere \u00f6ffentliche Einrichtungen und Organisationen in \u00dcbereinstimmung mit der einschl\u00e4gigen Gesetzgebung, Planung und Verwaltung der internen Funktionsweise unserer medizinischen Zentren und des t\u00e4glichen Betriebs, Verwaltung des medizinischen Zentrums, Messung, Steigerung und Erforschung der Patientenzufriedenheit durch die Abteilungen f\u00fcr Patientenrechte, Lieferung von Medikamenten, Information \u00fcber Ihren Termin, wenn Sie einen Termin vereinbaren, Durchf\u00fchrung von Risikomanagement- und Qualit\u00e4tsverbesserungsma\u00dfnahmen, Durchf\u00fchrung von Analysen zur Verbesserung der Gesundheitsdienste, Finanzierung Ihrer Gesundheitsdienste durch die Abteilungen f\u00fcr Patientenservice, Finanzielle Angelegenheiten, Marketing, \u00dcbernahme Ihrer Untersuchungs-, Diagnose- und Behandlungskosten,<\/p>\n<p>Weitergabe der angeforderten Informationen an private Versicherungsgesellschaften im Rahmen von Haftanfragen, Durchf\u00fchrung von Forschungsarbeiten, Erf\u00fcllung gesetzlicher und zwingender Anforderungen, Weitergabe der angeforderten Informationen an private Versicherungsgesellschaften im Rahmen der Finanzierung von Gesundheitsleistungen, Abrechnung unserer Leistungen durch die Abteilungen Patientenservice, Finanzielle Angelegenheiten, Marketing und Best\u00e4tigung Ihrer Beziehung zu beauftragten Einrichtungen, Marketing, Medien und Kommunikation,<\/p>\n<p>Teilnahme an Kampagnen und Bereitstellung von Kampagneninformationen durch die Callcenter-Abteilungen, Gestaltung und Kommunikation spezieller Inhalte, materieller und immaterieller Vorteile auf Web- und Mobilkan\u00e4len, um Sie \u00fcber die Anfragen und Beschwerden zu informieren, die Sie an EL\u0130T KL\u0130N\u0130K gerichtet haben, und um Sie bei Bedarf zu informieren, Die Verarbeitung erfolgt im Rahmen der Bedingungen und Zwecke f\u00fcr die Verarbeitung personenbezogener Daten, die im Gesetz und anderen einschl\u00e4gigen Rechtsvorschriften f\u00fcr die Verfolgung und Durchf\u00fchrung der entsprechenden Rechtsverfahren festgelegt sind. Dar\u00fcber hinaus k\u00f6nnen Ihre oben genannten personenbezogenen Daten in das physische Archiv und die Informationssysteme von EL\u0130T CLINIC \u00fcbertragen und sowohl in einer digitalen als auch in einer physischen Umgebung aufbewahrt werden.   <\/p>\n<p><strong>4. GRUNDS\u00c4TZE F\u00dcR DIE VERARBEITUNG IHRER DATEN<\/strong><\/p>\n<p>F\u00fcr den Zeitraum aufzubewahren, der in der einschl\u00e4gigen Gesetzgebung festgelegt oder f\u00fcr den Zweck erforderlich ist, f\u00fcr den sie verarbeitet werden; In \u00dcbereinstimmung mit dem Gesetz zu verarbeiten; Die Aktualit\u00e4t der Daten zu gew\u00e4hrleisten; In \u00dcbereinstimmung mit den Regeln der Ehrlichkeit zu handeln; Nicht f\u00fcr andere Zwecke als den Zweck zu verwenden, f\u00fcr den sie verarbeitet werden; F\u00fcr den Zweck, f\u00fcr den sie verarbeitet werden, gemessen und begrenzt zu werden;<\/p>\n<p>Verarbeitung in \u00dcbereinstimmung mit der allgemeinen Moral, den Gepflogenheiten und der Sitte; Verarbeitung in \u00dcbereinstimmung mit der allgemeinen Moral, den Gepflogenheiten und der Sitte; Verarbeitung in \u00dcbereinstimmung mit allen einschl\u00e4gigen gesetzlichen Bestimmungen, insbesondere den Bestimmungen des Gesetzes Nr. 6698 zum Schutz personenbezogener Daten; Als EL\u0130T CLINIC haben wir den Grundsatz \u00fcbernommen.<\/p>\n<p><strong>5. VERFAHREN DER DATENVERARBEITUNG<\/strong><\/p>\n<p>Ihre pers\u00f6nlichen Daten k\u00f6nnen von ELIT CLINIC in zwei Situationen verarbeitet werden. Diese beiden Situationen sind die folgenden:UMST\u00c4NDE DER EINHALTUNG DES GESETZES \u00dcBER DIE AUSDR\u00dcCKLICHE ZUSTIMMUNGUMST\u00c4NDE, IN DENEN KEINE AUSDR\u00dcCKLICHE ZUSTIMMUNG ERFORDERLICH ISTDas Gesetz Nr. 6698 \u00fcber den Schutz personenbezogener Daten besagt, dass in einigen F\u00e4llen keine ausdr\u00fcckliche Zustimmung f\u00fcr die Verarbeitung personenbezogener Daten erforderlich ist.<\/p>\n<p>Diese in Absatz 2 von Artikel 5 des Gesetzes genannten F\u00e4lle sind folgende: Sie ist in den Gesetzen eindeutig festgelegt. Sie ist zwingend erforderlich zum Schutz des Lebens oder der k\u00f6rperlichen Unversehrtheit der Person, die ihre Einwilligung aufgrund tats\u00e4chlicher Unm\u00f6glichkeit nicht erteilen kann oder deren Einwilligung nicht rechtsg\u00fcltig ist. Sofern sie in direktem Zusammenhang mit der Begr\u00fcndung oder Erf\u00fcllung eines Vertrags steht, ist es notwendig, die personenbezogenen Daten der Vertragsparteien zu verarbeiten.<\/p>\n<p>Sie ist zwingend erforderlich, damit der f\u00fcr die Verarbeitung Verantwortliche seine gesetzliche Verpflichtung erf\u00fcllen kann. Sie wurde von der betroffenen Person selbst \u00f6ffentlich gemacht. Die Datenverarbeitung ist zwingend erforderlich, um ein Recht zu begr\u00fcnden, auszu\u00fcben oder zu sch\u00fctzen. Die Datenverarbeitung ist zwingend erforderlich f\u00fcr die berechtigten Interessen des f\u00fcr die Verarbeitung Verantwortlichen, vorausgesetzt, dass sie die Grundrechte und -freiheiten der betroffenen Person nicht beeintr\u00e4chtigt. Bei Vorliegen solcher Situationen hat die EL\u0130T CLINIC das Recht, Daten ohne Ihre ausdr\u00fcckliche Zustimmung zu verarbeiten. Die EL\u0130T CLINIC hat das Recht, andere personenbezogene Daten als Daten \u00fcber Gesundheit und Sexualleben aus Ihren besonderen Kategorien personenbezogener Daten zu verarbeiten, ohne Ihre ausdr\u00fcckliche Zustimmung einzuholen, wenn dies gesetzlich vorgeschrieben ist. Personenbezogene Daten, die sich auf die Gesundheit und das Sexualleben beziehen, k\u00f6nnen nur von Personen oder befugten Institutionen und Organisationen, die der Schweigepflicht unterliegen, zum Schutz der \u00f6ffentlichen Gesundheit, der Pr\u00e4ventivmedizin, der medizinischen Diagnose, der Behandlung und der Pflegedienste, der Planung und Verwaltung von Gesundheitsdiensten und der Finanzierung verarbeitet werden, ohne die ausdr\u00fcckliche Zustimmung der betroffenen Person einzuholen.    <\/p>\n<p><strong>6. METHODE UND RECHTLICHER GRUND F\u00dcR DIE ERHEBUNG IHRER DATEN<\/strong><\/p>\n<p>Im Zuge der sich entwickelnden und ver\u00e4ndernden technologischen Bedingungen sammelt unser Unternehmen Daten \u00fcber verschiedene Kan\u00e4le. Die Website ist einer der Bereiche, in denen wir automatisch personenbezogene Daten erheben. Personenbezogene Daten und\/oder besondere Kategorien personenbezogener Daten, die \u00fcber die Website von EL\u0130T KL\u0130N\u0130K erhoben werden, werden auf der Grundlage eines oder mehrerer der in Artikel 5 und 6 des Gesetzes Nr. 6698 genannten Rechtsgr\u00fcnde oder unter der Bedingung einer ausdr\u00fccklichen Zustimmung verarbeitet. Wir m\u00f6chten darauf hinweisen, dass die betroffene Person \u00fcber die Kategorie und die Art der verarbeiteten Daten, den Zweck der Datenverarbeitung, an wen und zu welchem Zweck die verarbeiteten Daten weitergegeben werden k\u00f6nnen, die Methode und den Rechtsgrund der Datenerhebung sowie die Rechte der betroffenen Person in den oben genannten Aufkl\u00e4rungstexten erl\u00e4utert werden und gegebenenfalls die ausdr\u00fcckliche Zustimmung eingeholt wird.<\/p>\n<p>Die rechtlichen Gr\u00fcnde f\u00fcr die Erhebung Ihrer personenbezogenen Daten sind folgende: Gesetz Nr. 6698 \u00fcber den Schutz personenbezogener Daten, Grundgesetz Nr. 3359 \u00fcber das Gesundheitswesen, Gesetzesdekret Nr. 663 \u00fcber die Organisation und die Aufgaben des Gesundheitsministeriums und der angeschlossenen Einrichtungen, Verordnung \u00fcber private Gesundheitseinrichtungen f\u00fcr ambulante Diagnosen und Behandlungen, Verordnung \u00fcber die Verarbeitung personenbezogener Gesundheitsdaten und den Schutz der Privatsph\u00e4re, Vorschriften des Gesundheitsministeriums und andere Gesetze.      <\/p>\n<p><strong>7. \u00dcBERTRAGUNG UND SCHUTZ VON DATEN<\/strong><\/p>\n<p>A<em>&#8211; \u00dcBERTRAGUNG<\/em>\u200dIn \u00dcbereinstimmung mit dem Gesetz Nr. 6698 \u00fcber den Schutz personenbezogener Daten k\u00f6nnen Ihre Daten an Dritte weitergegeben werden, von denen wir Dienstleistungen erhalten, an Dritte, mit denen wir zusammenarbeiten, an \u00c4rzte und anderes Personal, das in unseren Unternehmen arbeitet, an Dritte, von denen wir Beratung erhalten, einschlie\u00dflich Anw\u00e4lten, Steuer- und Finanzberatern und Wirtschaftspr\u00fcfern, an unsere Gesch\u00e4ftspartner und an andere Dritte, mit denen wir zusammenarbeiten, um Gesundheitsdienstleistungen f\u00fcr die oben genannten Zwecke zu entwickeln oder durchzuf\u00fchren, sofern dies gem\u00e4\u00df den Bedingungen in unseren Vertraulichkeitsvereinbarungen erforderlich ist. F\u00fcr jede \u00dcbermittlung von Daten wird in dem Aufkl\u00e4rungstext, der vor der Erhebung der Daten erstellt wird, ausf\u00fchrlich erl\u00e4utert, an wen die Daten \u00fcbermittelt werden k\u00f6nnen. Unter allen Umst\u00e4nden handelt EL\u0130T CLINIC bei der \u00dcbermittlung von Daten jedoch in \u00dcbereinstimmung mit den Artikeln 8 und 9 des Gesetzes Nr. 6698. Dar\u00fcber hinaus ergreift sie die notwendigen technischen und administrativen Ma\u00dfnahmen.<br \/>\nB <em>&#8211; SCHUTZ<\/em>\u200dDas Gesetz Nr. 6698 \u00fcber den Schutz personenbezogener Daten zielt in erster Linie darauf ab, Daten zu sch\u00fctzen und eine unbefugte Weitergabe zu verhindern. Als EL\u0130T CLINIC ergreifen wir die notwendigen technischen und administrativen Ma\u00dfnahmen, um die Weitergabe von Daten an unbefugte Dritte zu verhindern, insbesondere die Bestimmungen des entsprechenden Gesetzes. In diesem Zusammenhang richten wir insbesondere unsere internen Richtlinien nach dem Gesetz zum Schutz personenbezogener Daten aus und verf\u00fcgen \u00fcber alle Arten modernster Software und Hardware zum Schutz personenbezogener Daten. Um all dies zu gew\u00e4hrleisten, versuchen wir sowohl unsere Mitarbeiter innerhalb des Unternehmens als auch Dritte, mit denen wir Gesch\u00e4fte machen, daran zu hindern, gegen unsere Datenschutzrichtlinie zu handeln, die Sie unter www.elitklinik.com.trlinkinden einsehen k\u00f6nnen.     <\/p>\n<p><strong>8. RECHTE DER BETROFFENEN PERSON<\/strong><\/p>\n<p>A<em>&#8211; ALLGEMEINE INFORMATIONEN \u00dcBER DIE ANWENDUNG<\/em> Artikel 11 des Gesetzes Nr. 6698 \u00fcber den Schutz personenbezogener Daten legt die Rechte der betroffenen Person fest. In dem Gesetz wird die betroffene Person als &#8222;Datensubjekt&#8220; bezeichnet und hat das Recht, einige Anfragen bez\u00fcglich der Verarbeitung ihrer Daten zu stellen.<br \/>\nZu erfahren, ob personenbezogene Daten verarbeitet werden, Auskunft dar\u00fcber zu verlangen, ob personenbezogene Daten verarbeitet wurden, zu erfahren, zu welchem Zweck personenbezogene Daten verarbeitet werden und ob sie ihrem Zweck entsprechend verwendet werden, die Dritten zu erfahren, an die personenbezogene Daten im In- oder Ausland weitergegeben werden, die Berichtigung personenbezogener Daten im Falle einer unvollst\u00e4ndigen oder unrichtigen Verarbeitung zu verlangen, im Rahmen der in Artikel 7 des Gesetzes mit dem Titel &#8222;L\u00f6schung, Vernichtung oder Anonymisierung personenbezogener Daten&#8220; festgelegten Bedingungen.<\/p>\n<p>Im Rahmen der in Artikel 7 des Gesetzes &#8222;L\u00f6schung, Vernichtung oder Anonymisierung personenbezogener Daten&#8220; festgelegten Bedingungen die L\u00f6schung oder Vernichtung personenbezogener Daten zu verlangen, zu verlangen, dass die unvollst\u00e4ndigen oder unrichtig verarbeiteten Daten berichtigt werden oder dass die Informationen \u00fcber die L\u00f6schung oder Vernichtung der Daten auf Antrag der betroffenen Person an Dritte, an die personenbezogene Daten weitergegeben werden, weitergegeben werden, sich dagegen zu wehren, dass die Analyse der verarbeiteten Daten ausschlie\u00dflich durch automatisierte Systeme zu einem Ergebnis f\u00fchrt, das sich zum Nachteil der betroffenen Person auswirkt, im Falle eines Schadens aufgrund einer unrechtm\u00e4\u00dfigen Verarbeitung personenbezogener Daten eine Entsch\u00e4digung zu verlangen. Sie k\u00f6nnen Ihre Anfragen bez\u00fcglich Ihrer Rechte, die sich aus dem oben erl\u00e4uterten Gesetz zum Schutz personenbezogener Daten ergeben, im Rahmen des in diesem Erl\u00e4uterungstext festgelegten Verfahrens an unser Unternehmen richten. Ihre betreffenden Anfragen werden von EL\u0130T CLINIC so schnell wie m\u00f6glich, sp\u00e4testens jedoch innerhalb von drei\u00dfig Tagen beantwortet. Die Antr\u00e4ge m\u00fcssen vom Eigent\u00fcmer der Daten selbst gestellt werden. EL\u0130T CLINIC wird nur den Antrag des Dateninhabers ber\u00fccksichtigen und Informationen \u00fcber den Antragsteller weitergeben.<br \/>\nB <em>&#8211; ANTRAGSVERFAHREN<\/em> Sie k\u00f6nnen Ihre Antr\u00e4ge an EL\u0130T KL\u0130N\u0130K, die den Titel des f\u00fcr die Datenverarbeitung Verantwortlichen tr\u00e4gt, in Bezug auf Ihre oben genannten Rechte schriftlich oder unter Verwendung der registrierten E-Mail-Adresse (KEP), der sicheren elektronischen Signatur, der mobilen Signatur oder der E-Mail-Adresse, die dem f\u00fcr die Datenverarbeitung Verantwortlichen zuvor von der betroffenen Person mitgeteilt wurde und im System des f\u00fcr die Datenverarbeitung Verantwortlichen registriert ist, stellen. Um Ihre Rechte in Bezug auf personenbezogene Daten wahrzunehmen, k\u00f6nnen Sie die Informationen auf unserer Website einsehen und das &#8222;Formular f\u00fcr Auskunftsersuchen gem\u00e4\u00df dem Gesetz Nr. 6698 \u00fcber den Schutz personenbezogener Daten&#8220; verwenden, das auch auf https:\/\/www.elitklinik.com.tr verf\u00fcgbar ist.<\/p>\n<p>C <em>&#8211; ERFORDERLICHE ANGABEN IM ANTRAG<\/em> Die folgenden Informationen m\u00fcssen in Ihrem Antrag enthalten sein: Ihr Vor- und Nachname Ihre T.R. Identit\u00e4tsnummer Ihre Staatsangeh\u00f6rigkeit, Passnummer oder Identit\u00e4tsnummer, falls vorhanden, wenn Sie ein ausl\u00e4ndischer Staatsangeh\u00f6riger sind Ihre feuchte Unterschrift am Ende des Antragsformulars, wenn ein schriftlicher Antrag gestellt werden soll KVKK 11.  <\/p>\n<p>Der Inhalt Ihrer Anfrage gem\u00e4\u00df Artikel Ihre E-Mail-Adresse, unter der wir Sie erreichen k\u00f6nnen Adresse des Wohnorts oder des Arbeitsplatzes f\u00fcr die Benachrichtigung<\/p>\n            <\/div>\n                      \n          <\/div>\n        <\/div>\n      <\/div>","protected":false},"excerpt":{"rendered":"","protected":false},"author":1,"featured_media":0,"parent":0,"menu_order":0,"comment_status":"closed","ping_status":"closed","template":"","meta":{"_acf_changed":false,"inline_featured_image":false,"footnotes":""},"class_list":["post-3592","page","type-page","status-publish","hentry"],"acf":[],"_links":{"self":[{"href":"https:\/\/elitklinik.com.tr\/de\/wp-json\/wp\/v2\/pages\/3592","targetHints":{"allow":["GET"]}}],"collection":[{"href":"https:\/\/elitklinik.com.tr\/de\/wp-json\/wp\/v2\/pages"}],"about":[{"href":"https:\/\/elitklinik.com.tr\/de\/wp-json\/wp\/v2\/types\/page"}],"author":[{"embeddable":true,"href":"https:\/\/elitklinik.com.tr\/de\/wp-json\/wp\/v2\/users\/1"}],"replies":[{"embeddable":true,"href":"https:\/\/elitklinik.com.tr\/de\/wp-json\/wp\/v2\/comments?post=3592"}],"version-history":[{"count":1,"href":"https:\/\/elitklinik.com.tr\/de\/wp-json\/wp\/v2\/pages\/3592\/revisions"}],"predecessor-version":[{"id":3594,"href":"https:\/\/elitklinik.com.tr\/de\/wp-json\/wp\/v2\/pages\/3592\/revisions\/3594"}],"wp:attachment":[{"href":"https:\/\/elitklinik.com.tr\/de\/wp-json\/wp\/v2\/media?parent=3592"}],"curies":[{"name":"wp","href":"https:\/\/api.w.org\/{rel}","templated":true}]}}