{"id":3591,"date":"2024-10-24T06:11:00","date_gmt":"2024-10-24T06:11:00","guid":{"rendered":"https:\/\/elitklinik.com.tr\/cookie-richtlinie\/"},"modified":"2024-11-04T08:00:05","modified_gmt":"2024-11-04T08:00:05","slug":"cookie-richtlinie","status":"publish","type":"page","link":"https:\/\/elitklinik.com.tr\/de\/cookie-richtlinie\/","title":{"rendered":"Cookie-Richtlinie"},"content":{"rendered":"      \n      <div class=\"section is-content1\" >\n        <div class=\"container_primary\">\n          <div class=\"wrapper_section-content-new\">\n            <h1 class=\"h1_content\">Cookie-Richtlinie<\/h1>\n                        <div class=\"item_content\">\n                            <h2 class=\"heading_content\">1.WAS IST DIE COOKIE-RICHTLINIE?<\/h2>\n                            \n              <p class=\"paragraph_primary\">Cookies sind kleine Textdateien, die auf Ihrem Computer oder Mobilger\u00e4t gespeichert werden, wenn Sie eine Website besuchen. In diesen Dateien k\u00f6nnen Daten wie Ihre IP-Adresse, Sitzungsinformationen, die von Ihnen besuchten Seiten usw. gespeichert werden. Dank Cookies k\u00f6nnen Ihre Website-Einstellungen gespeichert werden, Ihre Sitzung kann offen gehalten werden oder Ihnen k\u00f6nnen die Inhalte angeboten werden, f\u00fcr die Sie sich interessieren. Cookies werden nach Kriterien wie der Dauer ihrer Speicherung auf mobilen Ger\u00e4ten und der Person, die sie platziert, in verschiedene Arten unterteilt. In diesem Zusammenhang ist es m\u00f6glich, die Arten von Cookies als dauerhafte Cookies, Sitzungscookies, Erstanbieter-Cookies und Drittanbieter-Cookies aufzulisten.     <\/p>\n            <\/div>\n                        <div class=\"item_content\">\n                            <h2 class=\"heading_content\">2. ZWECK DER COOKIE-RICHTLINIE<\/h2>\n                            \n              <p class=\"paragraph_primary\">Die Cookie-Richtlinie wurde erstellt, um die Nutzer der Website \u00fcber Cookies und die verwendeten Arten von Cookies zu informieren und um zu zeigen, wie die Cookie-Einstellungen verwaltet werden k\u00f6nnen. ESTEL\u0130T SA\u011eLIK H\u0130ZMETLER\u0130 A.\u015e. (im Folgenden als &#8222;EL\u0130T KL\u0130N\u0130K&#8220; oder &#8222;Unternehmen&#8220; bezeichnet) verwendet Technologien wie Cookies usw., um das Besuchserlebnis der Website-Nutzer zu verbessern und die Servicequalit\u00e4t zu steigern, wie dies bei vielen Websites der Fall ist. Wir m\u00f6chten Sie darauf hinweisen, dass EL\u0130T CLINIC Ihre pers\u00f6nlichen Daten im Rahmen der Cookie-Richtlinie in der Eigenschaft als &#8222;Data Controller&#8220; gem\u00e4\u00df Artikel 3 des Gesetzes Nr. 6698 \u00fcber den Schutz pers\u00f6nlicher Daten verarbeitet. Inhaber der Datenverarbeitung:<br \/>\nESTELIT SA\u011eLIK H\u0130ZMETLER\u0130 A.\u015e. Adresse: Hamidiye, Cendere Cad.<\/p>\n<p>Nr: 103 &#8211; 1 T4 Blok, 34396 Ka\u011f\u0131thane\/\u0130stanbul Tel : +90 444 0 207 E-mail: info@elitklinik.com<\/p>\n            <\/div>\n                        <div class=\"item_content\">\n                            <h2 class=\"heading_content\">3. AUF UNSERER WEBSITE VERWENDETE COOKIES<\/h2>\n                            \n              <p class=\"paragraph_primary\">Auf unserer Website, die Sie \u00fcber den Link https:\/\/www.elitklinik.com.tr\/ aufrufen k\u00f6nnen, k\u00f6nnen verschiedene Cookies verwendet werden, um Ihnen zu dienen. Wir m\u00f6chten darauf hinweisen, dass die verwendeten Cookies in jedem Fall mit der Datenschutzerkl\u00e4rung und den Bestimmungen des Gesetzes zum Schutz personenbezogener Daten \u00fcbereinstimmen.<\/p>\n<p>In diesem Zusammenhang werden auf unserer Website folgende Cookies verwendet: <em>Funktionalit\u00e4ts-Cookies<\/em>: Damit k\u00f6nnen Ihre Spracheinstellungen, die Auswahl der Region usw. bei einem erneuten Besuch der Website gespeichert werden. Targeting-\/Werbe-Cookies: Die Website, die Sie \u00fcber den Link https:\/\/www.elitklinik.com.tr\/ aufrufen k\u00f6nnen, verwendet verschiedene Erstanbieter- und Drittanbieter-Cookies f\u00fcr Targeting- und Werbezwecke. Es ist m\u00f6glich, diese Cookies zu blockieren, indem Sie die Einstellungen Ihres Browsers \u00e4ndern oder Ihre Cookie-Pr\u00e4ferenzen wie in dieser Richtlinie beschrieben \u00e4ndern.<em>Obligatorische Cookies:<\/em> Dies sind technische Cookies, die es erm\u00f6glichen, dass die Website korrekt funktioniert und Sie ihre Funktionen nutzen k\u00f6nnen. Sie geh\u00f6ren zur Kategorie der Sitzungscookies. Wenn diese Cookies blockiert werden, k\u00f6nnen Sie die Funktionen der Website nicht nutzen. F\u00fcr die Verwendung von obligatorischen Cookies ist Ihre Zustimmung nicht erforderlich. <em>Analytische Cookies:<\/em> Analytische Cookies werden verwendet, um Ihr Website-Erlebnis zu verbessern. Analytische Cookies erm\u00f6glichen es Ihnen zu verstehen, wie Sie die Website nutzen (welche Seiten Sie besuchen, Dauer des Besuchs usw.). Sie k\u00f6nnen die von uns angebotenen Inhalte verbessern oder das Design der Website \u00e4ndern.  <\/p>\n            <\/div>\n                        <div class=\"item_content\">\n                            <h2 class=\"heading_content\">4. COOKIE-EINSTELLUNGEN \u00c4NDERN<\/h2>\n                            \n              <p class=\"paragraph_primary\">Sie haben die M\u00f6glichkeit, Ihre Cookie-Einstellungen zu \u00e4ndern. In diesem Zusammenhang k\u00f6nnen Sie die Verwendung einiger Cookies verhindern. Wir m\u00f6chten Sie daran erinnern, dass einige Funktionen der Website m\u00f6glicherweise nicht mehr funktionieren, wenn Sie die Verwendung von Cookies nicht zulassen. Wenn Sie mit der Verwendung von Cookies nicht einverstanden sind, bitten wir Sie, die Website nicht weiter zu besuchen oder Ihre Cookie-Einstellungen wie in dieser Richtlinie beschrieben zu \u00e4ndern. Es ist m\u00f6glich, Cookies zu personalisieren oder vollst\u00e4ndig zu blockieren, indem Sie die Einstellungen des von Ihnen verwendeten Browsers \u00e4ndern. Die Schritte, die Sie f\u00fcr die verschiedenen Browser befolgen m\u00fcssen, sind wie folgt.<\/p>\n<p>Wenn Sie einen anderen Browser als die genannten verwenden, k\u00f6nnen Sie die Hilfe- oder Support-Seite des jeweiligen Browsers aufrufen.<strong>GOOGLE CHROME<\/strong> https:\/\/support.google.com\/chrome\/answer\/95647?co=GENIE.Platform%3DDesktop&amp;hl=tr<strong>INTERNET EXPLORER<\/strong> https:\/\/support.microsoft.com\/tr-tr\/help\/17442\/windows-internet-explorer-deletemanagecookies<\/p>\n            <\/div>\n                        <div class=\"item_content\">\n                            <h2 class=\"heading_content\">5. ZWECK DER DATENVERARBEITUNG IM RAHMEN DER COOKIE-RICHTLINIE, METHODE DER DATENERHEBUNG UND RECHTSGRUNDLAGEN, AN WEN UND ZU WELCHEN ZWECKEN DATEN WEITERGEGEBEN WERDEN K\u00d6NNEN<\/h2>\n                            \n              <p class=\"paragraph_primary\">In \u00dcbereinstimmung mit dem Gesetz \u00fcber den Schutz personenbezogener Daten achten wir auf den Schutz Ihrer personenbezogenen Daten und\/oder personenbezogener Daten besonderer Art. In diesem Zusammenhang halten wir uns an die Grunds\u00e4tze unserer Datenschutzrichtlinie, die Sie \u00fcber den Link https:\/\/www.elitklinik.com.tr aufrufen k\u00f6nnen, an diese Cookie-Richtlinie und an das Gesetz zum Schutz personenbezogener Daten.<br \/>\nIhre Rechte in Bezug auf Ihre personenbezogenen Daten als Dateninhaber gem\u00e4\u00df Artikel 11 des Gesetzes zum Schutz personenbezogener Daten: Erfahren, ob personenbezogene Daten verarbeitet werden. Auskunft zu verlangen, wenn personenbezogene Daten verarbeitet wurden. Um zu erfahren, zu welchem Zweck personenbezogene Daten verarbeitet werden und ob sie ihrem Zweck entsprechend verwendet werden. Zu erfahren, an welche Dritten personenbezogene Daten im In- oder Ausland weitergegeben werden. Die Berichtigung personenbezogener Daten im Falle einer unvollst\u00e4ndigen oder unrichtigen Verarbeitung zu verlangen. Die L\u00f6schung oder Vernichtung personenbezogener Daten im Rahmen der in Artikel 7 des Gesetzes mit dem Titel &#8222;L\u00f6schung, Vernichtung oder Anonymisierung personenbezogener Daten&#8220; festgelegten Bedingungen zu verlangen. Zu verlangen, dass unvollst\u00e4ndige oder unrichtig verarbeitete Daten korrigiert werden oder dass die Informationen \u00fcber die L\u00f6schung oder Vernichtung der Daten auf Antrag der betroffenen Person Dritten mitgeteilt werden, an die personenbezogene Daten \u00fcbermittelt werden. Einspruch dagegen zu erheben, dass die Analyse der verarbeiteten Daten ausschlie\u00dflich durch automatisierte Systeme zu einem Ergebnis f\u00fchrt, das der betroffenen Person zum Nachteil gereicht. Im Falle eines Schadens aufgrund einer unrechtm\u00e4\u00dfigen Verarbeitung personenbezogener Daten den Ersatz des Schadens zu verlangen.&#8220;   <\/p>\n            <\/div>\n                      \n          <\/div>\n        <\/div>\n      <\/div>","protected":false},"excerpt":{"rendered":"","protected":false},"author":1,"featured_media":0,"parent":0,"menu_order":0,"comment_status":"closed","ping_status":"closed","template":"","meta":{"_acf_changed":false,"inline_featured_image":false,"footnotes":""},"class_list":["post-3591","page","type-page","status-publish","hentry"],"acf":[],"_links":{"self":[{"href":"https:\/\/elitklinik.com.tr\/de\/wp-json\/wp\/v2\/pages\/3591","targetHints":{"allow":["GET"]}}],"collection":[{"href":"https:\/\/elitklinik.com.tr\/de\/wp-json\/wp\/v2\/pages"}],"about":[{"href":"https:\/\/elitklinik.com.tr\/de\/wp-json\/wp\/v2\/types\/page"}],"author":[{"embeddable":true,"href":"https:\/\/elitklinik.com.tr\/de\/wp-json\/wp\/v2\/users\/1"}],"replies":[{"embeddable":true,"href":"https:\/\/elitklinik.com.tr\/de\/wp-json\/wp\/v2\/comments?post=3591"}],"version-history":[{"count":1,"href":"https:\/\/elitklinik.com.tr\/de\/wp-json\/wp\/v2\/pages\/3591\/revisions"}],"predecessor-version":[{"id":3593,"href":"https:\/\/elitklinik.com.tr\/de\/wp-json\/wp\/v2\/pages\/3591\/revisions\/3593"}],"wp:attachment":[{"href":"https:\/\/elitklinik.com.tr\/de\/wp-json\/wp\/v2\/media?parent=3591"}],"curies":[{"name":"wp","href":"https:\/\/api.w.org\/{rel}","templated":true}]}}