{"id":3587,"date":"2024-10-23T08:28:33","date_gmt":"2024-10-23T08:28:33","guid":{"rendered":"https:\/\/elitklinik.com.tr\/formular-fuer-informationsanfragen\/"},"modified":"2025-01-27T07:22:07","modified_gmt":"2025-01-27T07:22:07","slug":"formular-fuer-informationsanfragen","status":"publish","type":"page","link":"https:\/\/elitklinik.com.tr\/de\/formular-fuer-informationsanfragen\/","title":{"rendered":"Formular f\u00fcr Informationsanfragen"},"content":{"rendered":"      \n      <div class=\"section is-content1\" >\n        <div class=\"container_primary\">\n          <div class=\"wrapper_section-content-new\">\n            <h1 class=\"h1_content\">Formular f\u00fcr Informationsanfragen<\/h1>\n                        <div class=\"item_content\">\n                            <h2 class=\"heading_content\">FORMULAR F\u00dcR AUSKUNFTSERSUCHEN NACH DEM GESETZ NR. 6698 \u00dcBER DEN SCHUTZ PERSONENBEZOGENER DATEN 1. ALLGEMEINE ERL\u00c4UTERUNG<\/h2>\n                            \n              <p class=\"paragraph_primary\">Nr. 6698 Sie k\u00f6nnen Ihre Anfragen bez\u00fcglich Ihrer Rechte aus Artikel 11 des Gesetzes zum Schutz personenbezogener Daten Nr. 11 an ESTEL\u0130T SA\u011eLIK H\u0130ZMETLER\u0130 A.\u015e. (&#8222;EL\u0130T KL\u0130N\u0130K&#8220;) \u00fcber dieses Formular stellen. Ihre Anfragen werden so schnell wie m\u00f6glich, sp\u00e4testens jedoch innerhalb von drei\u00dfig Tagen ab dem Datum des Eingangs bei EL\u0130T KL\u0130N\u0130K beantwortet.<br \/>Die Antwort auf Ihre Informationsanfrage wird Ihnen schriftlich oder elektronisch \u00fcber die von Ihnen unten gew\u00e4hlten Kommunikationskan\u00e4le zugesandt. Die Angaben m\u00fcssen bei der Beantragung vollst\u00e4ndig ausgef\u00fcllt werden. Andernfalls kann die ELIT CLINIC Ihren Informationsw\u00fcnschen nicht nachkommen.<br \/>Sollten die Angaben nicht korrekt oder unvollst\u00e4ndig sein, \u00fcbernimmt ELIT CLINIC keine Verantwortung f\u00fcr die Nichtbeantwortung der Anfrage. Data Controller:<br \/>ESTELIT SA\u011eLIK H\u0130ZMETLER\u0130 A.\u015e. Adresse: Hamidiye, Cendere Cad.<\/p>\n<p>Nr: 103 &#8211; 1 T4 Blok, 34396 Ka\u011f\u0131thane\/\u0130stanbul Tel: +90 444 0 207 E-mail: info@elitklinik.com   <\/p>\n            <\/div>\n                        <div class=\"item_content\">\n                            <h2 class=\"heading_content\">2. INFORMATIONEN \u00dcBER DIE BETREFFENDE PERSON, DIE UM INFORMATIONEN BITTET<\/h2>\n                            \n              <p class=\"paragraph_primary\">Name: Nachname: T\u00fcrkische ID-Nummer \/ Staatsangeh\u00f6rigkeit und Reisepassnummer: Telefon- und Faxnummer: E-Mail: Wohn- oder Arbeitsadresse: Ihre Beziehung zu unserem Unternehmen: Patient\/Berater \u25a1 \/ Gesch\u00e4ftspartner \u25a1 \/ Besucher \u25a1 \/ Sonstige \u25a1<\/p>\n            <\/div>\n                        <div class=\"item_content\">\n                            <h2 class=\"heading_content\">3.BETREFF DER ANFRAGE <span class=\"font_weight-normal\">(Falls vorhanden, bitten wir Sie, Informationen und Dokumente zu diesem Thema beizuf\u00fcgen)<\/span><\/h2>\n                            \n              <p class=\"paragraph_primary\">\u2026\u2026\u2026\u2026\u2026\u2026\u2026\u2026\u2026\u2026\u2026\u2026\u2026\u2026\u2026\u2026\u2026\u2026\u2026\u2026\u2026\u2026\u2026\u2026\u2026\u2026\u2026\u2026\u2026\u2026\u2026\u2026\u2026\u2026\u2026\u2026\u2026 \u2026\u2026\u2026\u2026\u2026\u2026\u2026\u2026\u2026\u2026\u2026\u2026\u2026\u2026\u2026\u2026\u2026\u2026\u2026\u2026\u2026\u2026\u2026\u2026\u2026\u2026\u2026\u2026\u2026\u2026\u2026\u2026\u2026\u2026\u2026\u2026\u2026 \u2026\u2026\u2026\u2026\u2026\u2026\u2026\u2026\u2026\u2026\u2026\u2026\u2026\u2026\u2026\u2026\u2026\u2026\u2026\u2026\u2026\u2026\u2026\u2026\u2026\u2026\u2026\u2026\u2026\u2026\u2026\u2026\u2026\u2026\u2026\u2026\u2026<\/p>\n            <\/div>\n                        <div class=\"item_content\">\n                            <h2 class=\"heading_content\">4. ERKL\u00c4RUNG DER BETREFFENDEN PERSON<\/h2>\n                            \n              <p class=\"paragraph_primary\">Ich bitte darum, dass meine Bewerbung bewertet wird und mir entsprechend meiner oben erl\u00e4uterten W\u00fcnsche geantwortet wird. Ich akzeptiere, erkl\u00e4re und versichere, dass die Informationen, die ich im Rahmen meiner Bewerbung angegeben habe, echt und aktuell sind und mir geh\u00f6ren.<br \/>\nIch erkl\u00e4re mich damit einverstanden, dass ESTEL\u0130T SA\u011eLIK H\u0130ZMETLER\u0130 A.\u015e. meine pers\u00f6nlichen Daten und\/oder die sensiblen pers\u00f6nlichen Daten, die ich f\u00fcr die von mir angeforderten Informationen zur Verf\u00fcgung gestellt habe, im Rahmen ihrer Zweckbestimmung verarbeitet. \u2610 Ich m\u00f6chte die Antwort auf meine Bewerbung pers\u00f6nlich erhalten. (Es werden keine Informationen \u00fcber die Bewerbung an andere Personen als die betreffende Person weitergegeben, die die Bewerbung eingereicht hat.)<\/p>\n<p>\u2610 Ich m\u00f6chte, dass die Antwort auf meinen Antrag an meine im Antragsformular angegebene E-Mail-Adresse geschickt wird. \u2610 Ich m\u00f6chte, dass die Antwort auf meinen Antrag an meine im Antragsformular angegebene Adresse geschickt wird. (Bitte kreuzen Sie die von Ihnen gew\u00e4hlte Option an.) Vor- und Nachname der relevanten Person, die den<\/p>\n<p>Antrag stellt:<\/p>\n<p>Antragsdatum: Unterschrift:<\/p>\n            <\/div>\n                      \n          <\/div>\n        <\/div>\n      <\/div>","protected":false},"excerpt":{"rendered":"","protected":false},"author":1,"featured_media":0,"parent":0,"menu_order":0,"comment_status":"closed","ping_status":"closed","template":"","meta":{"_acf_changed":false,"inline_featured_image":false,"footnotes":""},"class_list":["post-3587","page","type-page","status-publish","hentry"],"acf":[],"_links":{"self":[{"href":"https:\/\/elitklinik.com.tr\/de\/wp-json\/wp\/v2\/pages\/3587","targetHints":{"allow":["GET"]}}],"collection":[{"href":"https:\/\/elitklinik.com.tr\/de\/wp-json\/wp\/v2\/pages"}],"about":[{"href":"https:\/\/elitklinik.com.tr\/de\/wp-json\/wp\/v2\/types\/page"}],"author":[{"embeddable":true,"href":"https:\/\/elitklinik.com.tr\/de\/wp-json\/wp\/v2\/users\/1"}],"replies":[{"embeddable":true,"href":"https:\/\/elitklinik.com.tr\/de\/wp-json\/wp\/v2\/comments?post=3587"}],"version-history":[{"count":2,"href":"https:\/\/elitklinik.com.tr\/de\/wp-json\/wp\/v2\/pages\/3587\/revisions"}],"predecessor-version":[{"id":6367,"href":"https:\/\/elitklinik.com.tr\/de\/wp-json\/wp\/v2\/pages\/3587\/revisions\/6367"}],"wp:attachment":[{"href":"https:\/\/elitklinik.com.tr\/de\/wp-json\/wp\/v2\/media?parent=3587"}],"curies":[{"name":"wp","href":"https:\/\/api.w.org\/{rel}","templated":true}]}}