{"id":3576,"date":"2024-10-25T06:55:37","date_gmt":"2024-10-25T03:55:37","guid":{"rendered":"https:\/\/elitklinik.com.tr\/gesundheitstourismus\/"},"modified":"2025-01-03T08:56:05","modified_gmt":"2025-01-03T08:56:05","slug":"gesundheitstourismus","status":"publish","type":"page","link":"https:\/\/elitklinik.com.tr\/de\/gesundheitstourismus\/","title":{"rendered":"Gesundheitstourismus"},"content":{"rendered":"      <div class=\"subpage_hero-section\" >\n                <img decoding=\"async\" sizes=\"100vw\" srcset=\"https:\/\/elitklinik.com.tr\/wp-content\/uploads\/2024\/10\/saglik-turizm-mobil-banner.webp 500w, https:\/\/elitklinik.com.tr\/wp-content\/uploads\/2024\/10\/saglik-turizm-mobil-banner.webp 800w, https:\/\/elitklinik.com.tr\/wp-content\/uploads\/2024\/10\/saglik-turzmi-banner.webp 1080w, https:\/\/elitklinik.com.tr\/wp-content\/uploads\/2024\/10\/saglik-turzmi-banner.webp 1600w, https:\/\/elitklinik.com.tr\/wp-content\/uploads\/2024\/10\/saglik-turzmi-banner.webp 1920w\" alt=\"Elit Klinik Hakk\u0131m\u0131zda\" src=\"https:\/\/elitklinik.com.tr\/wp-content\/uploads\/2024\/10\/saglik-turizm-mobil-banner.webp\" loading=\"lazy\" class=\"subpage_hero-bg\">\n                <img decoding=\"async\" loading=\"lazy\" src=\"https:\/\/elitklinik.com.tr\/wp-content\/uploads\/2024\/10\/saglik-turizm-mobil-banner.webp\" alt=\"Elit Klinik Hakk\u0131m\u0131zda\" class=\"about_us-mobil-banner\">\n        <div class=\"container_primary new-width\">\n          <div class=\"hero_content\">\n            <h2 class=\"content_title about_us-h2\">Gesundheitstourismus<\/h2>\n                        <h5 class=\"content_subtitle\">Gesundheitstourismus in der Elite-Klinik<\/h5>\n                        <p class=\"content_paragraph sort about_sort\">\n              \n                                Die Elit Clinic ist eine Gesundheitsorganisation, die auf dem Gebiet des Gesundheitstourismus eine f\u00fchrende Position einnimmt. Mit ihrer Niederlassung in der T\u00fcrkei empf\u00e4ngt sie Gesundheitstouristen aus vielen L\u00e4ndern, insbesondere aus Europa, den arabischen L\u00e4ndern und den Balkanstaaten. Die Elit Clinic bietet qualitativ hochwertige \u00e4sthetische und gesundheitliche Dienstleistungen zu erschwinglichen Preisen in der T\u00fcrkei an und zeichnet sich durch ihre zentrale Lage in Ka\u011f\u0131thane, Istanbul, ihr fachkundiges \u00c4rzteteam und ihr internationales Patientenserviceteam aus.                \n            <\/p>\n                        <div class=\"mobile_flex-center mobile_centered\">\n              <div class=\"section-strikethrough subpage\"><\/div>\n            <\/div>\n                                                <p class=\"content_paragraph medium\">\n                                Durch den Einsatz der neuesten, von der Weltgesundheitsorganisation zugelassenen Technologieger\u00e4te ist es weiterhin ein zuverl\u00e4ssiger Bezugspunkt im Bereich des Gesundheitstourismus.                  <\/p>\n                                    <div class=\"mobile_flex-center mobile_centered\">\n              <div class=\"section-strikethrough subpage\"><\/div>\n            <\/div>\n                                                <p class=\"content_paragraph full\">VIP-Transfer, \u00dcbersetzungsverfahren, Patientenaufnahme, Patientenentlassung, Patientennachsorge und Unterbringung werden koordiniert, um den internationalen Gesundheitstourismus zu perfektionieren.<\/p>\n                      <\/div>\n\t\t\t        <\/div>\n      <\/div>      <div class=\"section-2 home_7\" >\n        <div class=\"container_primary new-width\">\n          <div class=\"section_title-area\">\n            <div class=\"mobile_flex-center mobile_centered\">\n              <div class=\"section-strikethrough subpage\"><\/div>\n            <\/div>\n            <h2 class=\"home_section-title\">Kontaktieren Sie uns<\/h2>\n            <p class=\"section_sub-text\"><p>F\u00fcllen Sie das Formular in Sekundenschnelle aus. Wir werden Ihnen helfen. <\/p>\n<\/p>\n          <\/div>\n          <div class=\"wrapper_section-content-new-2\">\n            <div class=\"form_flex-row\">\n              <div class=\"form_map-div\">\n                <div class=\"code-embed w-embed w-iframe\">\n                  <iframe class=\"contact-form-map\" style=\"border: 0; width: 100%; height: 100%;\" src=\"https:\/\/www.google.com\/maps\/embed?pb=!1m18!1m12!1m3!1d3006.454273718582!2d28.9829351!3d41.1027689!2m3!1f0!2f0!3f0!3m2!1i1024!2i768!4f13.1!3m3!1m2!1s0x14cab72d81823c19%3A0x1f48730c108f0e82!2sElit%20Klinik!5e0!3m2!1str!2str!4v1721812826667!5m2!1str!2str\" allowfullscreen=\"allowfullscreen\"><\/iframe><\/div>\n              <\/div>\n              <div class=\"form_map-div input-divs\">\n                <div class=\"form_content-yeni yeni-form w-form\">\n                  <form id=\"email-form\" name=\"email-form\"  method=\"post\" class=\"form form-button-new\">\n                    <div class=\"header_form-primary-2\">\n                      <img decoding=\"async\" src=\"https:\/\/elitklinik.com.tr\/wp-content\/themes\/elitklinik\/assets\/images\/calender-clock.svg\" loading=\"lazy\" class=\"icon_schedule-2\">\n                      <div class=\"text-block-2\">Schneller Termin<\/div>\n                    <\/div>\n                    <div class=\"title_form-primary-2 sm_form-font\">\n                      Vereinbaren Sie einen Termin und <strong class=\"bold-text-3\">wir werden Sie so schnell wie m\u00f6glich erreichen<\/strong>                    <\/div>\n                    <input class=\"field_primary-2 form_input-new w-input\" maxlength=\"256\" name=\"Full-Name-2\" data-name=\"Full Name 2\" placeholder=\"Name\" type=\"text\" id=\"Full-Name-2\" required=\"\">\n                    <input class=\"field_primary-2 form_input-new w-input\" maxlength=\"256\" name=\"e-mail-2\" data-name=\"E Mail 2\" placeholder=\"E-Mail\" type=\"email\" id=\"e-mail-2\" required=\"\">\n                    <input class=\"field_primary-2 form_input-new w-input\" maxlength=\"256\" name=\"Phone-2\" data-name=\"Phone 2\" placeholder=\"Telefon\" type=\"tel\" id=\"Phone-2\" required=\"\">\n                    <div class=\"select_fields\">\n                      <select class=\"select-field parent\">\n                        <option value=\"B\u00f6l\u00fcm Se\u00e7iniz\">Abschnitt ausw\u00e4hlen<\/option>\n                        <option value=\"Medikal Estetik\">Medizinische \u00c4sthetik<\/option>\n                        <option value=\"Plastik Cerrahi\">Plastische Chirurgie<\/option>\n                        <option value=\"Sa\u00e7 Ekimi\">Haartransplantation<\/option>\n                        <option value=\"Di\u015f Esteti\u011fi\">Zahn-\u00c4sthetik<\/option>\n                        <option value=\"T\u0131bbi Birimler\">Medizinische Abteilungen<\/option>\n                      <\/select>\n                      <div class=\"children_select\">\n                        <select class=\"select-field sub _1\" style=\"display: none;\">\n                          <option>Abschnitt ausw\u00e4hlen<\/option>\n                          <option value=\"Sa\u00e7 Ekimi\">Haartransplantation<\/option>\n                          <option value=\"Y\u00fcz ve Cilt PRP Tedavisi\">PRP-Behandlung f\u00fcr Gesicht und Haut<\/option>\n                          <option value=\"Lazer D\u00f6vme Sildirme Tedavisi\">Laser-Tattoo-Entfernung Behandlung<\/option>\n                          <option value=\"Lazerle T\u00fcy Sarartma Tedavisi\">Laser-Haarentfernungs-Behandlung<\/option>\n                          <option value=\"Lazerle Genital B\u00f6lge Beyazlatma Tedavisi\">Laser-Behandlung zur Aufhellung des Genitalbereichs<\/option>\n                          <option value=\"Lazerle Dirsek Beyazlatma Tedavisi\">Laser-Behandlung zur Aufhellung der Ellenbogen<\/option>\n                          <option value=\"Lazerle Koltuk Alt\u0131 Beyazlatma Tedavisi\">Laser-Behandlung der Achselh\u00f6hlen<\/option>\n                          <option value=\"Lazerle Cilt Beyazlatma Tedavisi\">Laser-Behandlung zur Hautaufhellung<\/option>\n                          <option value=\"Q-Switch Lazer Leke Tedavisi\">Q-Switch Laser Spot Behandlung<\/option>\n                          <option value=\"Fraksiyonel Lazer Tedavisi\">Fractional Laser Behandlung<\/option>\n                          <option value=\"Ciltte K\u0131lcal Damar \u00c7atlamas\u0131 Lazer Tedavisi\">Laserbehandlung von Kapillarrissen in der Haut<\/option>\n                          <option value=\"Telenjiektazi Tedavisi\">Telangiectasia Behandlung<\/option>\n                          <option value=\"Porto \u015earab\u0131 Lekesi Tedavisi\">Behandlung von Portweinflecken<\/option>\n                          <option value=\"Hemanjiom &amp; Damarsal Lezyon Lazer Tedavisi\">H\u00e4mangiom &amp; vaskul\u00e4re L\u00e4sion Laserbehandlung<\/option>\n                          <option value=\"Lazer Leke Tedavisi\">Laser-Fleckenbehandlung<\/option>\n                          <option value=\"Lazer K\u0131r\u0131\u015f\u0131k Giderme Tedavisi\">Laser Faltenentfernung Behandlung<\/option>\n                          <option value=\"Cilt \u00c7atlak ve Leke Tedavisi\">Behandlung von Hautrissen und -flecken<\/option>\n                          <option value=\"Frans\u0131z Ask\u0131s\u0131\">Franz\u00f6sischer Kleiderb\u00fcgel<\/option>\n                          <option value=\"4D Cilt Gen\u00e7le\u015ftirme\">4D-Hautverj\u00fcngung<\/option>\n                          <option value=\"Y\u00fcz Mezoliftingi\">Mesolifting f\u00fcr das Gesicht<\/option>\n                          <option value=\"Medikal Cilt Bak\u0131m\u0131 \u0130\u015flemi\">Medizinisches Hautpflegeverfahren<\/option>\n                          <option value=\"\u00c7ene ve Jawline Dolgusu\">F\u00fcllung von Kinn und Kieferpartie<\/option>\n                          <option value=\"Hydrafacial Cilt Bak\u0131m\u0131 \u0130\u015flemi\">Hydrafacial Hautpflegeverfahren<\/option>\n                          <option value=\"Kimyasal Peeling Uygulamas\u0131\">Chemisches Peeling Anwendung<\/option>\n                          <option value=\"Y\u00fcz  Dolgusu\">Gesichtsf\u00fcllung<\/option>\n                          <option value=\"Karbon Peeling Uygulamas\u0131\">Carbon Peeling Anwendung<\/option>\n                          <option value=\"Gen\u00e7lik A\u015f\u0131s\u0131 Uygulamalar\u0131\">Jugend-Impfstoff-Anwendungen<\/option>\n                          <option value=\"Elmac\u0131k Kemi\u011fi ve Yanak Dolgusu\">Wangenknochen und Wangenauff\u00fcllung<\/option>\n                          <option value=\"Nazolabial Dolgu Uygulamas\u0131\">Nasolabiale F\u00fcllung Anwendung<\/option>\n                          <option value=\"Zay\u0131flama ve \u0130ncelme Mezoterapisi\">Abnehmen und Abnehmen Mesotherapie<\/option>\n                          <option value=\"G5 Sel\u00fclit Masaj\u0131 Tedavisi\">G5 Cellulite Massage Behandlung<\/option>\n                          <option value=\"Lenf Drenaj Masaj\u0131 Tedavisi\">Lymphdrainage Massage Behandlung<\/option>\n                          <option value=\"Kas \u00c7al\u0131\u015ft\u0131rma ve Ya\u011f Yakma Uygulamalar\u0131\">Anwendungen f\u00fcr Muskeltraining und Fettverbrennung<\/option>\n                          <option value=\"Burun ve Burun Ucu Dolgusu\">F\u00fcllung von Nase und Nasenspitze<\/option>\n                          <option value=\"Masseter \u00c7ene Botoksu\">Masseter Kiefer Botox<\/option>\n                          <option value=\"Koltuk Alt\u0131 Botoksu\">Achselh\u00f6hlen-Botox<\/option>\n                          <option value=\"El Terlemesi Botoksu\">Handschwitzen Botox<\/option>\n                          <option value=\"Di\u015f ve Di\u015f Ta\u015f\u0131 Temizli\u011fi\">Reinigung von Z\u00e4hnen und Zahnstein<\/option>\n                          <option value=\"Di\u015f Kanal Tedavisi &amp; Endodonti\">Zahn\u00e4rztliche Wurzelkanalbehandlung &amp; Endodontie<\/option>\n                          <option value=\"Di\u015f Protezi Uygulamas\u0131\">Zahnprothese Anwendung<\/option>\n                          <option value=\"Dudak \u00dcst\u00fc ve Kenar\u0131 Botoksu\">Botox f\u00fcr die Oberlippe und Lippenr\u00e4nder<\/option>\n                          <option value=\"G\u00f6z Alt\u0131 ve \u00c7evresi Botoksu\">Botox unter und um die Augen<\/option>\n                          <option value=\"Di\u015f Kaplama\">Zahnveneers<\/option>\n                          <option value=\"Al\u0131n \u00c7izgisi Botoksu\">Botox f\u00fcr die Stirnfalte<\/option>\n                          <option value=\"Radyofrekans Tedavisi\">Radiofrequenz-Behandlung<\/option>\n                          <option value=\"So\u011fuk Lipoliz Zay\u0131flama Tedavisi\">Cold Lipolysis Schlankheitsbehandlung<\/option>\n                          <option value=\"Lazer \u0130le Y\u00fcz Gen\u00e7le\u015ftirme Uygulamalar\u0131\">Laser-Gesichtsverj\u00fcngungsanwendungen<\/option>\n                          <option value=\"Kal\u0131c\u0131 Lazer Epilasyon\">Dauerhafte Laser-Haarentfernung<\/option>\n                          <option value=\"Somon DNA Serum &amp; A\u015f\u0131 Tedavisi\">Lachs DNA Serum &amp; Impfstoff Behandlung<\/option>\n                          <option value=\"Cilt K\u00f6k H\u00fccre Tedavisi (Alloblast)\">Haut-Stammzelltherapie (Alloblast)<\/option>\n                          <option value=\"Alt\u0131n \u0130\u011fne Tedavisi (Scarlet X)\">Goldene Nadelbehandlung (Scarlet X)<\/option>\n                          <option value=\"Di\u015f \u0130mplant\u0131\">Zahnimplantat<\/option>\n                          <option value=\"Di\u015f Beyazlatma Tedavisi\">Behandlung zur Zahnaufhellung<\/option>\n                          <option value=\"Sakal Ekimi\">Barttransplantation<\/option>\n                          <option value=\"Kad\u0131n Genital Esteti\u011fi\">Weibliche Genital\u00e4sthetik<\/option>\n                          <option value=\"Burun Esteti\u011fi\">\u00c4sthetik der Nase<\/option>\n                          <option value=\"Ameliyats\u0131z Y\u00fcz Germe (HIFU)\">Nicht-chirurgisches Gesichtslifting (HIFU)<\/option>\n                          <option value=\"G\u00f6z Alt\u0131 I\u015f\u0131k Dolgusu\">Lichtf\u00fcllung unter den Augen<\/option>\n                          <option value=\"Dolgun Ve Hacimli Dudak Dolgusu Uygulamalar\u0131\">Anwendungen f\u00fcr pralle und volumin\u00f6se Lippenauff\u00fcllung<\/option>\n                          <option value=\"Y\u00fcz Botoksu\">Gesicht Botox<\/option>\n                          <option value=\"Ka\u015f Aras\u0131, Ka\u015f Ortas\u0131 ve Ka\u015f Kald\u0131rma Botoksu\">Botox zwischen den Augenbrauen, Mittelbrauen und Brauenlifting<\/option>\n                        <\/select>\n                        <select class=\"select-field sub _2\" style=\"display: none;\">\n                          <option>Abschnitt ausw\u00e4hlen<\/option>\n                          <option value=\"KADIN GEN\u0130TAL ESTET\u0130\u011e\u0130\">Weibliche Genital\u00e4sthetik<\/option>\n                          <option value=\"BURUN KULAK G\u00d6Z ESTET\u0130\u011e\u0130\">Nasen-, Ohren- und Augen\u00e4sthetik<\/option>\n                        <\/select>\n                        <select class=\"select-field sub _3\" style=\"display: none;\">\n                          <option>Abschnitt ausw\u00e4hlen<\/option>\n                          <option value=\"Sa\u00e7 Ekimi\">Haartransplantation<\/option>\n                          <option value=\"Sakal Ekimi\">Barttransplantation<\/option>\n                        <\/select>\n                        <select class=\"select-field sub _4\" style=\"display: none;\">\n                          <option>Abschnitt ausw\u00e4hlen<\/option>\n                          <option value=\"D\u0130\u015f ve D\u0130\u015f Ta\u015f\u0131 Tem\u0130zl\u0130\u011f\u0130\">Zahn- und Zahnsteinreinigung<\/option>\n                          <option value=\"Kanal Tedav\u0130s\u0130 (Endodont\u0130)\">Wurzelkanalbehandlung (Endodontie)<\/option>\n                          <option value=\"D\u0130\u015f Protez\u0130\">Zahnprothese<\/option>\n                          <option value=\"D\u0130\u015f Kaplama\">Zahnkrone<\/option>\n                          <option value=\"D\u0130\u015f \u0130mplant\u0131\">Zahnimplantat<\/option>\n                          <option value=\"D\u0130\u015f Beyazlatma\">Zahnaufhellung<\/option>\n                        <\/select>\n                      <select class=\"select-field sub _5\" style=\"display: none;\">\n                          <option>Abschnitt ausw\u00e4hlen<\/option>\n                          <option value=\"Check Up\">Nachsehen<\/option>\n                          <option value=\"Sa\u011fl\u0131k Raporlar\u0131\">Gesundheitsberichte<\/option>\n                          <option value=\"Kad\u0131n Hastal\u0131klar\u0131 &amp; J\u0130nekoloj\u0130\">Frauenheilkunde &#038; Gyn\u00e4kologie<\/option>\n                          <option value=\"Ortoped\u0130 ve Travmatoloj\u0130\">Orthop\u00e4die und Traumatologie<\/option>\n                          <option value=\"Kulak Burun Bo\u011faz (KBB)\">Hals-Nasen-Ohren-Heilkunde (HNO)<\/option>\n                          <option value=\"Genel Cerrah\u0130\">Allgemeine Chirurgie<\/option>\n                          <option value=\"\u00dcroloj\u0130\">Urologie<\/option>\n                          <option value=\"Dermatoloj\u0130\">Dermatologie<\/option>\n                          <option value=\"Dah\u0130l\u0130ye &amp; \u0130\u00e7 Hastal\u0131klar\u0131 Tedav\u0130s\u0130\">Innere Medizin &#038; Behandlung von Inneren Krankheiten<\/option>\n                        <\/select>\n                      <\/div>\n                    <\/div>\n                    <label class=\"w-checkbox field_checkbox-primary-2\">\n                      <div class=\"w-checkbox-input w-checkbox-input--inputType-custom checkbox-2\"><\/div>\n                      <input type=\"checkbox\" name=\"checkbox-4\" id=\"checkbox-4\" data-name=\"Checkbox 4\" style=\"display: none;\">\n                      <span class=\"checkbox-label-3 w-form-label\" for=\"checkbox-4\">Ich bin damit einverstanden, kommerzielle elektronische Nachrichten zu erhalten<\/p>\n<\/span>\n                    <\/label>\n                    <label class=\"w-checkbox field_checkbox-primary-2\">\n                      <div class=\"w-checkbox-input w-checkbox-input--inputType-custom checkbox-2\"><\/div>\n                      <input type=\"checkbox\" name=\"checkbox-2\" id=\"checkbox-2\" data-name=\"Checkbox 2\" style=\"display: none;\">\n                      <span class=\"checkbox-label-4 w-form-label\" for=\"checkbox-2\">Durch die Nutzung dieses Formulars akzeptieren Sie den KVKK-Text und die Datenschutzrichtlinie.<\/p>\n<\/span>\n                    <\/label>\n                    <input type=\"hidden\" id=\"service\" name=\"service\" value=\"\">\n                    <input type=\"hidden\" id=\"source\" name=\"source\" value=\"\">\n                    <input type=\"hidden\" id=\"medium\" name=\"medium\" value=\"\">\n                    <input type=\"hidden\" id=\"campaign\" name=\"campaign\" value=\"\">\n                    <input type=\"hidden\" id=\"content\" name=\"content\" value=\"\">\n                    <input type=\"hidden\" id=\"term\" name=\"term\" value=\"\">\n                    <input type=\"hidden\" id=\"referrer\" name=\"referrer\" value=\"\">\n                    <input type=\"hidden\" id=\"GCLID\" name=\"GCLID\" value=\"\">\n\n                    <div class=\"div-block-2\">\n                      <input id=\"main-form-submit\" type=\"submit\" data-wait=\"Please wait...\" class=\"button_form-2 w-button\" value=\"Senden\"><\/div>\n                    <\/form>\n                  <!-- <div class=\"header_form-primary-2\"><img decoding=\"async\" width=\"Auto\" height=\"Auto\" alt=\"\" src=\"https:\/\/elitklinik.com.tr\/wp-content\/themes\/elitklinik\/assets\/images\/calender-clock.svg\" loading=\"lazy\" class=\"icon_schedule-2\">\n                      <div class=\"text-block-2\">Schneller Termin<\/div>\n                    <\/div>\n                    <div class=\"title_form-primary-2 sm_form-font\">Vereinbaren Sie einen Termin und <strong class=\"bold-text-3\">wir werden Sie so schnell wie m\u00f6glich erreichen<\/strong><\/div> -->\n                                    <\/div>\n                <div class=\"w-embed w-script\">\n                  <script>\n                    \/\/ ck_63da207efd5489e8121ecdc7e9967ecd245c01a5\n                    \/\/ cs_4f1b0fe9fe5c1f4abc370a0c776612e2da9bdebe\n                    document.addEventListener('DOMContentLoaded', function() {\n                        \/\/ Get the parent select field and child select divs\n                        const parentSelect = document.querySelector('.select-field.parent');\n                        const childSelects = document.querySelectorAll('.children_select select');\n                        const service = document.getElementById('service');\n                        \/\/ Initially hide all child select fields\n                        childSelects.forEach(select => {\n                            select.style.display = 'none';\n                            select.addEventListener('change',function(){\n                              service.setAttribute('value',select.value);\n                            });\n                        });\n\n                        \/\/ Function to show the relevant child select based on parent selection\n                        parentSelect.addEventListener('change', function() {\n                            \/\/ Hide all child selects\n                            childSelects.forEach(select => {\n                                select.style.display = 'none';\n                            });\n\n                            \/\/ Show the relevant child select based on the selected value\n                            switch (parentSelect.value) {\n                                case 'Medikal Estetik':\n                                    document.querySelector('.sub._1').style.display = 'block';\n                                    break;\n                                case 'Plastik Cerrahi':\n                                    document.querySelector('.sub._2').style.display = 'block';\n                                    break;\n                                case 'Sa\u00e7 Ekimi':\n                                    document.querySelector('.sub._3').style.display = 'block';\n                                    break;\n                                case 'Di\u015f Esteti\u011fi':\n                                    document.querySelector('.sub._4').style.display = 'block';\n                                    break;\n                                case 'T\u0131bbi Birimler':\n                                    document.querySelector('.sub._5').style.display = 'block';\n                                    break;\n                                default:\n                                    \/\/ Do nothing if 'B\u00f6l\u00fcm Se\u00e7iniz' is selected\n                                    break;\n                            }\n                        });\n                    });\n                  <\/script>\n                <\/div>\n\n                \n                \n              <\/div>\n            <\/div>\n          <\/div>\n        <\/div>\n      <\/div>","protected":false},"excerpt":{"rendered":"","protected":false},"author":1,"featured_media":0,"parent":0,"menu_order":0,"comment_status":"closed","ping_status":"closed","template":"","meta":{"_acf_changed":false,"inline_featured_image":false,"footnotes":""},"class_list":["post-3576","page","type-page","status-publish","hentry"],"acf":[],"_links":{"self":[{"href":"https:\/\/elitklinik.com.tr\/de\/wp-json\/wp\/v2\/pages\/3576","targetHints":{"allow":["GET"]}}],"collection":[{"href":"https:\/\/elitklinik.com.tr\/de\/wp-json\/wp\/v2\/pages"}],"about":[{"href":"https:\/\/elitklinik.com.tr\/de\/wp-json\/wp\/v2\/types\/page"}],"author":[{"embeddable":true,"href":"https:\/\/elitklinik.com.tr\/de\/wp-json\/wp\/v2\/users\/1"}],"replies":[{"embeddable":true,"href":"https:\/\/elitklinik.com.tr\/de\/wp-json\/wp\/v2\/comments?post=3576"}],"version-history":[{"count":1,"href":"https:\/\/elitklinik.com.tr\/de\/wp-json\/wp\/v2\/pages\/3576\/revisions"}],"predecessor-version":[{"id":3578,"href":"https:\/\/elitklinik.com.tr\/de\/wp-json\/wp\/v2\/pages\/3576\/revisions\/3578"}],"wp:attachment":[{"href":"https:\/\/elitklinik.com.tr\/de\/wp-json\/wp\/v2\/media?parent=3576"}],"curies":[{"name":"wp","href":"https:\/\/api.w.org\/{rel}","templated":true}]}}