{"id":3572,"date":"2024-10-24T13:07:01","date_gmt":"2024-10-24T13:07:01","guid":{"rendered":"https:\/\/elitklinik.com.tr\/fotogalerie\/"},"modified":"2024-11-04T08:03:24","modified_gmt":"2024-11-04T08:03:24","slug":"fotogalerie","status":"publish","type":"page","link":"https:\/\/elitklinik.com.tr\/de\/fotogalerie\/","title":{"rendered":"Fotogalerie"},"content":{"rendered":"<div class=\"section is-content1\" >\n\t<div class=\"container_primary\">\n\t\t<div class=\"wrapper_section-content-new\">\n\t\t\t<h1 class=\"h1_content\">Fotogalerie<\/h1>\n\t\t\t<p class=\"paragraph_primary\">In der Fotogalerie k\u00f6nnen Sie Vorher- und Nachher-Fotos verschiedener Haartransplantationsbehandlungen, zahn\u00e4rztlicher \u00c4sthetik und medizinisch-\u00e4sthetischer Operationen oder Anwendungen, die von der Elit Klinik durchgef\u00fchrt wurden, als Referenzbeispiele ansehen. Die Vorher-\/Nachher-Bilder liefern konkrete Beispiele f\u00fcr erfolgreich abgeschlossene personalisierte Verfahren. <\/p>\n\t\t\t<p class=\"paragraph_primary\">Diese Fotos, die die Leistungen des Fachpersonals der Elit Klinik und die Garantie der Servicequalit\u00e4t hervorheben, beweisen die Professionalit\u00e4t der Einrichtung im Bereich der \u00c4sthetik und Gesundheit. Die Galerie wird st\u00e4ndig \u00fcberarbeitet und verbessert, um den Patienten zu helfen, realistische Erwartungen zu haben und die am besten geeigneten Behandlungsm\u00f6glichkeiten zu bewerten. <\/p>\n\t\t<\/div>\n\t\t\t\t\t<div class=\"wrapper_section-gallery\">\n\t\t\t\t\t\t\t\t<img decoding=\"async\" loading=\"lazy\" alt=\"\" src=\"https:\/\/elitklinik.com.tr\/wp-content\/uploads\/2024\/10\/6683ef45e4181ac5f64dd0a4_kadin-hastaliklari.webp\" class=\"image_gallery\">\n\t\t\t\t\t\t\t\t<img decoding=\"async\" loading=\"lazy\" alt=\"\" src=\"https:\/\/elitklinik.com.tr\/wp-content\/uploads\/2024\/10\/668ba6f7396ab4b3cd9dda5c_uroloji.jpg\" class=\"image_gallery\">\n\t\t\t\t\t\t\t\t<img decoding=\"async\" loading=\"lazy\" alt=\"\" src=\"https:\/\/elitklinik.com.tr\/wp-content\/uploads\/2024\/10\/668ba6f7396ab4b3cd9ddaae_kbb.jpg\" class=\"image_gallery\">\n\t\t\t\t\t\t\t\t<img decoding=\"async\" loading=\"lazy\" alt=\"\" src=\"https:\/\/elitklinik.com.tr\/wp-content\/uploads\/2024\/10\/668ba6f7396ab4b3cd9dda6b_dahiliye.jpg\" class=\"image_gallery\">\n\t\t\t\t\t\t\t\t<img decoding=\"async\" loading=\"lazy\" alt=\"\" src=\"https:\/\/elitklinik.com.tr\/wp-content\/uploads\/2024\/10\/668ba6f7396ab4b3cd9dda9b_saglik-raporlari.jpg\" class=\"image_gallery\">\n\t\t\t\t\t\t\t\t<img decoding=\"async\" loading=\"lazy\" alt=\"\" src=\"https:\/\/elitklinik.com.tr\/wp-content\/uploads\/2024\/10\/668ba6f7396ab4b3cd9dda79_genel-cerrahi.jpg\" class=\"image_gallery\">\n\t\t\t\t\t\t\t<\/div>\n\t\t\t<\/div>\n<\/div>","protected":false},"excerpt":{"rendered":"","protected":false},"author":1,"featured_media":0,"parent":0,"menu_order":0,"comment_status":"closed","ping_status":"closed","template":"","meta":{"_acf_changed":false,"inline_featured_image":false,"footnotes":""},"class_list":["post-3572","page","type-page","status-publish","hentry"],"acf":[],"_links":{"self":[{"href":"https:\/\/elitklinik.com.tr\/de\/wp-json\/wp\/v2\/pages\/3572","targetHints":{"allow":["GET"]}}],"collection":[{"href":"https:\/\/elitklinik.com.tr\/de\/wp-json\/wp\/v2\/pages"}],"about":[{"href":"https:\/\/elitklinik.com.tr\/de\/wp-json\/wp\/v2\/types\/page"}],"author":[{"embeddable":true,"href":"https:\/\/elitklinik.com.tr\/de\/wp-json\/wp\/v2\/users\/1"}],"replies":[{"embeddable":true,"href":"https:\/\/elitklinik.com.tr\/de\/wp-json\/wp\/v2\/comments?post=3572"}],"version-history":[{"count":1,"href":"https:\/\/elitklinik.com.tr\/de\/wp-json\/wp\/v2\/pages\/3572\/revisions"}],"predecessor-version":[{"id":3574,"href":"https:\/\/elitklinik.com.tr\/de\/wp-json\/wp\/v2\/pages\/3572\/revisions\/3574"}],"wp:attachment":[{"href":"https:\/\/elitklinik.com.tr\/de\/wp-json\/wp\/v2\/media?parent=3572"}],"curies":[{"name":"wp","href":"https:\/\/api.w.org\/{rel}","templated":true}]}}